

{"id":3266,"date":"2022-10-18T09:49:34","date_gmt":"2022-10-18T07:49:34","guid":{"rendered":"https:\/\/edai.eu\/home\/"},"modified":"2026-03-10T14:01:02","modified_gmt":"2026-03-10T12:01:02","slug":"inici","status":"publish","type":"page","link":"https:\/\/edai.eu\/ca\/","title":{"rendered":"Inici"},"content":{"rendered":"<div class=\"gb-container gb-container-b125a647 marque_home_holder\">\n<div class=\"gb-container gb-container-93cbc11e\">\n<div class=\"marquee\" id=\"marquee_home\" data-direction=\"left\" data-duration=\"60000\"><span>\u25a0<\/span><span><a href=\"https:\/\/edai.eu\/ca\/course\/2n-edai-simposi-autisme\/\">2n Simposi EDAI sobre l\u2019Autisme. 23.10.26 Madrid<\/a><\/span><span>\u25a0<\/span><span><a href=\"https:\/\/edai.eu\/ca\/20-anys-dedai\/\">EDAI 20 anys<\/a><\/span><span>\u25a0<\/span><span><a href=\"https:\/\/edai.eu\/ca\/course\/comorbiditat-psiquiatrica-infants-adolescents\/\">Comorbiditat psiqui\u00e0trica en condicions del neurodesenvolupament. Amb Covadonga Mart\u00ednez D\u00edaz. 24 d\u2019abril, EDAI Madrid<\/a><\/span><span>\u25a0<\/span><span><a href=\"https:\/\/edai.eu\/ca\/course\/2n-edai-simposi-autisme\/\">2n Simposi EDAI sobre l\u2019Autisme. 23.10.26 Madrid<\/a><\/span><span>\u25a0<\/span><span><a href=\"https:\/\/edai.eu\/ca\/20-anys-dedai\/\">EDAI 20 anys<\/a><\/span><span>\u25a0<\/span><span><a href=\"https:\/\/edai.eu\/ca\/course\/comorbiditat-psiquiatrica-infants-adolescents\/\">Comorbiditat psiqui\u00e0trica en condicions del neurodesenvolupament. Amb Covadonga Mart\u00ednez D\u00edaz. 24 d\u2019abril, EDAI Madrid<\/a><\/span><span>\u25a0<\/span><span><a href=\"https:\/\/edai.eu\/ca\/course\/2n-edai-simposi-autisme\/\">2n Simposi EDAI sobre l\u2019Autisme. 23.10.26 Madrid<\/a><\/span><span>\u25a0<\/span><span><a href=\"https:\/\/edai.eu\/ca\/20-anys-dedai\/\">EDAI 20 anys<\/a><\/span><span>\u25a0<\/span><span><a href=\"https:\/\/edai.eu\/ca\/course\/comorbiditat-psiquiatrica-infants-adolescents\/\">Comorbiditat psiqui\u00e0trica en condicions del neurodesenvolupament. Amb Covadonga Mart\u00ednez D\u00edaz. 24 d\u2019abril, EDAI Madrid<\/a><\/span><\/div>\n\n<\/div>\n<\/div>\n\n<div class=\"gb-container gb-container-4886297b\">\n<div class=\"gb-container gb-container-7f25a930\">\n<div class=\"gb-container gb-container-b6fb0716 gb-container-img-home\"><a class=\"gb-container-link\" href=\"https:\/\/edai.eu\/clinical-services\/\"><\/a>\n\n<h2 class=\"gb-headline gb-headline-76326b7b gb-headline-text gb-headline-img-home-txt\">Serveis Cl\u00ednics<\/h2>\n\n<\/div>\n\n<div class=\"gb-container gb-container-b171f678 gb-container-img-home\"><a class=\"gb-container-link\" href=\"https:\/\/edai.eu\/school\/\"><\/a>\n\n<h2 class=\"gb-headline gb-headline-77247e36 gb-headline-text gb-headline-img-home-txt\">School of Neurodevelopment and Mental Health<\/h2>\n\n<\/div>\n<\/div>\n<\/div>","protected":false},"excerpt":{"rendered":"<p>Serveis Cl\u00ednics School of Neurodevelopment and Mental Health<\/p>\n","protected":false},"author":1,"featured_media":0,"parent":0,"menu_order":0,"comment_status":"closed","ping_status":"closed","template":"","meta":{"_acf_changed":false,"CBBTypography":[],"productId":0,"courseId":0,"footnotes":""},"class_list":["post-3266","page","type-page","status-publish"],"acf":[],"_links":{"self":[{"href":"https:\/\/edai.eu\/ca\/wp-json\/wp\/v2\/pages\/3266","targetHints":{"allow":["GET"]}}],"collection":[{"href":"https:\/\/edai.eu\/ca\/wp-json\/wp\/v2\/pages"}],"about":[{"href":"https:\/\/edai.eu\/ca\/wp-json\/wp\/v2\/types\/page"}],"author":[{"embeddable":true,"href":"https:\/\/edai.eu\/ca\/wp-json\/wp\/v2\/users\/1"}],"replies":[{"embeddable":true,"href":"https:\/\/edai.eu\/ca\/wp-json\/wp\/v2\/comments?post=3266"}],"version-history":[{"count":18,"href":"https:\/\/edai.eu\/ca\/wp-json\/wp\/v2\/pages\/3266\/revisions"}],"predecessor-version":[{"id":7051,"href":"https:\/\/edai.eu\/ca\/wp-json\/wp\/v2\/pages\/3266\/revisions\/7051"}],"wp:attachment":[{"href":"https:\/\/edai.eu\/ca\/wp-json\/wp\/v2\/media?parent=3266"}],"curies":[{"name":"wp","href":"https:\/\/api.w.org\/{rel}","templated":true}]}}