

{"id":4505,"date":"2022-10-18T09:49:34","date_gmt":"2022-10-18T07:49:34","guid":{"rendered":"https:\/\/edai.eu\/tcs\/"},"modified":"2025-03-12T11:16:58","modified_gmt":"2025-03-12T09:16:58","slug":"tcs","status":"publish","type":"page","link":"https:\/\/edai.eu\/ca\/tcs\/","title":{"rendered":"T&amp;Cs"},"content":{"rendered":"<div class=\"gb-container gb-container-12db848a gb-container-seccio\">\n<div class=\"gb-container gb-container-cf7e6e44 gb-container-seccio-inner\">\n<div class=\"gb-grid-wrapper gb-grid-wrapper-3be093f8\">\n<div class=\"gb-grid-column gb-grid-column-cce5f93e\"><div class=\"gb-container gb-container-cce5f93e\">\n\n<a class=\"gb-button gb-button-2db9bb11 gb-button-text gb-button-outline-small\" href=\"\/\">Inici<\/a>\n\n\n\n<p class=\"gb-headline gb-headline-ebcffe72 gb-headline-text gb-headline-normal-plus\">Copyright<\/p>\n\n\n\n<p class=\"gb-headline gb-headline-dd189c66 gb-headline-text gb-headline-normal-plus\">Tots els drets reservats \u00a9 2025<\/p>\n\n<\/div><\/div>\n\n<div class=\"gb-grid-column gb-grid-column-8d6a77e4\"><div class=\"gb-container gb-container-8d6a77e4\">\n\n<h2 class=\"gb-headline gb-headline-c51e1e96 gb-headline-text gb-headline-normal-plus\">TERMES I CONDICIONS DE COMPRA<\/h2>\n\n\n\n<h3 class=\"gb-headline gb-headline-917aaa2a gb-headline-text gb-headline-normal-plus\"><strong>Important<\/strong><\/h3>\n\n\n\n<p>L\u2019EDAI School of Neurodevelopment and Mental Health es reserva el dret de modificar la programaci\u00f3 de cursos i congressos, incloent-hi el canvi de ponents, per causes externes a l\u2019organitzaci\u00f3. Aquests canvis no donaran dret a reclamacions o reemborsaments, i l\u2019organitzaci\u00f3 garantir\u00e0 que es mantingui la qualitat de la formaci\u00f3. <\/p>\n\n\n\n<h5 class=\"wp-block-heading\">1. ACCEPTACI\u00d3 DELS TERMES I CONDICIONS<\/h5>\n\n\n<div class=\"gb-container gb-container-dc500a1c\">\n\n<p>1.1. En realitzar una compra a trav\u00e9s del nostre lloc web, vost\u00e8 accepta quedar subjecte a aquests Termes i Condicions de Compra.<br\/>1.2. Li recomanem llegir atentament aquests termes abans de fer una compra. Si no est\u00e0 d\u2019acord amb algun d\u2019ells, li demanem que no continu\u00ef amb el proc\u00e9s de compra.   <\/p>\n\n<\/div>\n\n\n<h5 class=\"wp-block-heading\">2. REGISTRE I COMPTE<\/h5>\n\n\n\n<p>2.1. Per inscriure\u2019s als nostres cursos i congressos, \u00e9s necessari completar el proc\u00e9s de registre al nostre lloc web.<br\/>2.2. Vost\u00e8 es compromet a proporcionar informaci\u00f3 precisa, actual i completa durant el registre i a mantenir-la actualitzada.<br\/>2.3. \u00c9s responsabilitat de l\u2019usuari mantenir la confidencialitat de les seves credencials d\u2019acc\u00e9s. L\u2019EDAI School of Neurodevelopment and Mental Health no es far\u00e0 responsable de l\u2019\u00fas no autoritzat del seu compte.    <\/p>\n\n\n\n<h5 class=\"wp-block-heading\">3. COMPRA I PAGAMENT<\/h5>\n\n\n\n<p>3.1. Els cursos i congressos oferts per l\u2019EDAI School of Neurodevelopment and Mental Health estan disponibles per a la seva compra a trav\u00e9s del nostre lloc web.<br\/>3.2. El pagament s\u2019ha de realitzar \u00edntegrament en el moment de la compra.<br\/>3.3. S\u2019accepten els seg\u00fcents m\u00e8todes de pagament: targeta banc\u00e0ria (o transfer\u00e8ncia per a empreses. Contacti amb <a>conference@edai.eu<\/a>).<br\/>3.4. Tots els preus estan expressats en euros (\u20ac) i inclouen impostos aplicables, excepte si s\u2019indica el contrari.<br\/>3.5. S\u2019emetr\u00e0 una factura despr\u00e9s de la confirmaci\u00f3 del pagament. Per sol\u00b7licitar-la, contacti amb <a>training@edai.eu<\/a> (per cursos) or <a>conference@edai.eu<\/a> (per congressos).<br\/>3.6. Els preus estan subjectes a canvis sense previ av\u00eds.        <\/p>\n\n\n\n<h5 class=\"wp-block-heading\">4. REALITZACI\u00d3 DE CURSOS I CONGRESSOS<\/h5>\n\n\n\n<p>4.1. Despr\u00e9s d\u2019una compra exitosa, rebr\u00e0 una confirmaci\u00f3 i els detalls sobre com accedir als materials del curs en l\u00ednia o assistir al congr\u00e9s.<br\/>4.2. Els cursos i congressos presencials inclouran informaci\u00f3 sobre la ubicaci\u00f3, horari i requisits addicionals.<br\/>4.3. L\u2019acc\u00e9s als cursos en l\u00ednia estar\u00e0 disponible durant quatre mesos, excepte si s\u2019indica el contrari.<br\/>4.4. L\u2019acc\u00e9s als cursos i congressos \u00e9s personal i intransferible.    <\/p>\n\n\n\n<h5 class=\"wp-block-heading\">5. POL\u00cdTICA DE REEMBORSAMENT I CANCEL\u00b7LACIONS<\/h5>\n\n\n\n<p>5.1. No es faran reemborsaments per la compra de cursos.<br\/>5.2. No es faran reemborsaments en cas de cancel\u00b7laci\u00f3 per part de l\u2019assistent a un congr\u00e9s.<br\/>5.3. En cas de cancel\u00b7laci\u00f3 per part de l\u2019EDAI School of Neurodevelopment and Mental Health, s\u2019oferir\u00e0 la possibilitat de reprogramaci\u00f3 o reemborsament.   <\/p>\n\n\n\n<h5 class=\"wp-block-heading\">6. PROPIETAT INTEL\u00b7LECTUAL I RESTRICCIONS DE CAPTURA<\/h5>\n\n\n\n<p>6.1. Tots els materials dels cursos i congressos s\u00f3n propietat intel\u00b7lectual de l\u2019EDAI School of Neurodevelopment and Mental Health.<br\/>6.2. No es podran reproduir, distribuir o compartir sense autoritzaci\u00f3 expressa.<br\/>6.3. Est\u00e0 totalment prohibit gravar, fotografiar o capturar el contingut sense autoritzaci\u00f3 pr\u00e8via.   <\/p>\n\n\n\n<h5 class=\"wp-block-heading\">7. POL\u00cdTICA DE PRIVACITAT<\/h5>\n\n\n\n<p>7.1. La informaci\u00f3 personal es gestionar\u00e0 d\u2019acord amb la nostra Pol\u00edtica de Privacitat. <\/p>\n\n\n\n<h5 class=\"wp-block-heading\">8. CONTACTE<\/h5>\n\n\n\n<p>8.1. <a>training@edai.eu<\/a> (per cursos) \/ <a>conference@edai.eu<\/a> (per congressos). <\/p>\n\n\n\n<h5 class=\"wp-block-heading\">9. MODIFICACIONS<\/h5>\n\n\n\n<p>9.1. L\u2019EDAI School es reserva el dret de modificar aquests Termes en qualsevol moment. Els canvis seran efectius al publicar-se a la nostra p\u00e0gina web.  <\/p>\n\n\n\n<p>Realitzant una compra, l&#8217;usuari reconeix que ha llegit, ent\u00e8s i acceptat aquestes Termes i condicions de compra.<\/p>\n\n\n\n<p><strong>EDAI School of Neurodevelopment and Mental Health<\/strong><br\/><a href=\"https:\/\/edai.eu\">www.edai.eu<\/a><\/p>\n\n\n\n<h1 class=\"gb-headline gb-headline-2a66e6aa gb-headline-text gb-headline-normal-plus\">POL\u00cdTICA DE PRIVACITAT<\/h1>\n\n\n\n<h3 class=\"gb-headline gb-headline-de702d64 gb-headline-text gb-headline-normal-plus\">1. Introducci\u00f3<\/h3>\n\n\n\n<p>Aquests termes i condicions (&#8220;Termes&#8221;) regeixen l\u2019\u00fas del lloc web d\u2019EDAI (&#8220;la p\u00e0gina&#8221;). En accedir al Lloc, accepteu aquests Termes en la seva totalitat. Si no hi esteu d\u2019acord, heu de deixar de navegar la p\u00e0gina web.<\/p>\n\n\n\n<h3 class=\"gb-headline gb-headline-0877e20f gb-headline-text gb-headline-normal-plus\">2. Drets de Propietat Intel\u00b7lectual<\/h3>\n\n\n\n<p>Llevat que s\u2019indiqui el contrari, EDAI i\/o els seus llicenciataris s\u00f3n els titulars dels drets de propietat intel\u00b7lectual publicats a la p\u00e0gina. Tots aquests drets de propietat intel\u00b7lectual estan reservats.<\/p>\n\n\n\n<h3 class=\"gb-headline gb-headline-79f31d1a gb-headline-text gb-headline-normal-plus\">3. \u00das de la p\u00e0gina web<\/h3>\n\n\n\n<ul class=\"wp-block-list\">\n<li>Podeu visualitzar continguts de la p\u00e0gina web per a \u00fas personal, subjecte a les restriccions establertes a continuaci\u00f3 i en altres apartats d\u2019aquests Termes.<\/li>\n\n\n\n<li>No podeu descarregar, tornar a publicar, vendre, llogar, subllicenciar o explotar el contingut de la p\u00e0gina web amb finalitats comercials.<\/li>\n\n\n\n<li>No podeu editar ni modificar cap contingut del la p\u00e0gina web.<\/li>\n<\/ul>\n\n\n\n<h3 class=\"gb-headline gb-headline-cd131a33 gb-headline-text gb-headline-normal-plus\">4. Limitaci\u00f3 de Responsabilitat<\/h3>\n\n\n\n<p>El contingut de la p\u00e0gina web es proporciona \u00fanicament amb finalitats informatives generals. No constitueix cap tipus d\u2019assessorament en qu\u00e8 pugueu confiar. EDAI no ofereix cap garantia, expressa o impl\u00edcita, sobre la precisi\u00f3, la integritat o l\u2019actualitzaci\u00f3 del contingut de la p\u00e0gina web.<\/p>\n\n\n\n<h3 class=\"gb-headline gb-headline-1ef550f8 gb-headline-text gb-headline-normal-plus\">5. Enlla\u00e7os a tercers<\/h3>\n\n\n\n<p>La p\u00e0gina web pot contenir enlla\u00e7os a llocs web de tercers. Aquests enlla\u00e7os es proporcionen nom\u00e9s per informaci\u00f3. EDAI no es fa responsable del contingut ni de les pr\u00e0ctiques d\u2019aquests llocs web.<\/p>\n\n\n\n<h3 class=\"gb-headline gb-headline-75b97911 gb-headline-text gb-headline-normal-plus\">6. Modificacions<\/h3>\n\n\n\n<p>EDAI es reserva el dret de modificar aquests Termes en qualsevol moment. Els Termes revisats s\u2019aplicaran a l\u2019\u00fas del la p\u00e0gina web des de la data de la seva publicaci\u00f3.<\/p>\n\n\n\n<h3 class=\"gb-headline gb-headline-fac8cd71 gb-headline-text gb-headline-normal-plus\">7. Llei i Jurisdicci\u00f3<\/h3>\n\n\n\n<p>Aquests termes i condicions es regiran i interpretaran d\u2019acord amb la llei espanyola, i qualsevol disputa relacionada amb aquests termes i condicions estar\u00e0 sotmesa a la jurisdicci\u00f3 exclusiva dels tribunals de Barcelona\/Madrid.<\/p>\n\n\n\n<h3 class=\"gb-headline gb-headline-c70dcc85 gb-headline-text gb-headline-normal-plus\">8. Informaci\u00f3 de contacte<\/h3>\n\n\n\n<p>Per a qualsevol consulta sobre aquests Termes, podeu <a href=\"https:\/\/edai.eu\/ca\/contact\/\" data-type=\"page\" data-id=\"1036\"> contactar-nos.<\/a><\/p>\n\n\n\n<p><\/p>\n\n<\/div><\/div>\n<\/div>\n<\/div>\n<\/div>","protected":false},"excerpt":{"rendered":"","protected":false},"author":1,"featured_media":0,"parent":0,"menu_order":0,"comment_status":"closed","ping_status":"closed","template":"","meta":{"_acf_changed":false,"CBBTypography":[],"productId":0,"courseId":0,"footnotes":""},"class_list":["post-4505","page","type-page","status-publish"],"acf":[],"_links":{"self":[{"href":"https:\/\/edai.eu\/ca\/wp-json\/wp\/v2\/pages\/4505","targetHints":{"allow":["GET"]}}],"collection":[{"href":"https:\/\/edai.eu\/ca\/wp-json\/wp\/v2\/pages"}],"about":[{"href":"https:\/\/edai.eu\/ca\/wp-json\/wp\/v2\/types\/page"}],"author":[{"embeddable":true,"href":"https:\/\/edai.eu\/ca\/wp-json\/wp\/v2\/users\/1"}],"replies":[{"embeddable":true,"href":"https:\/\/edai.eu\/ca\/wp-json\/wp\/v2\/comments?post=4505"}],"version-history":[{"count":5,"href":"https:\/\/edai.eu\/ca\/wp-json\/wp\/v2\/pages\/4505\/revisions"}],"predecessor-version":[{"id":5911,"href":"https:\/\/edai.eu\/ca\/wp-json\/wp\/v2\/pages\/4505\/revisions\/5911"}],"wp:attachment":[{"href":"https:\/\/edai.eu\/ca\/wp-json\/wp\/v2\/media?parent=4505"}],"curies":[{"name":"wp","href":"https:\/\/api.w.org\/{rel}","templated":true}]}}