

{"id":4368,"date":"2023-09-13T10:21:44","date_gmt":"2023-09-13T10:21:44","guid":{"rendered":"https:\/\/edai.eu\/course\/4th-edai-international-conference-2025\/"},"modified":"2026-01-23T15:14:25","modified_gmt":"2026-01-23T13:14:25","slug":"4th-edai-international-conference-2025","status":"publish","type":"product","link":"https:\/\/edai.eu\/ca\/course\/4th-edai-international-conference-2025\/","title":{"rendered":"4th EDAI International Conference 2025 (Finalitzat)"},"content":{"rendered":"<h1 data-start=\"139\" data-end=\"427\"><strong data-start=\"139\" data-end=\"237\">Descobreix els nostres ponents<\/strong><\/h1>\n<div id='gallery-1' class='gallery galleryid-4368 gallery-columns-5 gallery-size-medium'><figure class='gallery-item'>\n\t\t\t<div class='gallery-icon portrait'>\n\t\t\t\t<img loading=\"lazy\" decoding=\"async\" width=\"640\" height=\"800\" src=\"https:\/\/edai.eu\/wp-content\/uploads\/2023\/09\/Speaker-Highlight-1-640x800.png\" class=\"attachment-medium size-medium\" alt=\"\" srcset=\"https:\/\/edai.eu\/wp-content\/uploads\/2023\/09\/Speaker-Highlight-1-640x800.png 640w, https:\/\/edai.eu\/wp-content\/uploads\/2023\/09\/Speaker-Highlight-1-768x960.png 768w, https:\/\/edai.eu\/wp-content\/uploads\/2023\/09\/Speaker-Highlight-1-600x750.png 600w, https:\/\/edai.eu\/wp-content\/uploads\/2023\/09\/Speaker-Highlight-1.png 1080w\" sizes=\"auto, (max-width: 640px) 100vw, 640px\" \/>\n\t\t\t<\/div><\/figure><figure class='gallery-item'>\n\t\t\t<div class='gallery-icon portrait'>\n\t\t\t\t<img loading=\"lazy\" decoding=\"async\" width=\"640\" height=\"800\" src=\"https:\/\/edai.eu\/wp-content\/uploads\/2023\/09\/Speaker-Highlight-4-1-640x800.png\" class=\"attachment-medium size-medium\" alt=\"\" srcset=\"https:\/\/edai.eu\/wp-content\/uploads\/2023\/09\/Speaker-Highlight-4-1-640x800.png 640w, https:\/\/edai.eu\/wp-content\/uploads\/2023\/09\/Speaker-Highlight-4-1-768x960.png 768w, https:\/\/edai.eu\/wp-content\/uploads\/2023\/09\/Speaker-Highlight-4-1-600x750.png 600w, https:\/\/edai.eu\/wp-content\/uploads\/2023\/09\/Speaker-Highlight-4-1.png 1080w\" sizes=\"auto, (max-width: 640px) 100vw, 640px\" \/>\n\t\t\t<\/div><\/figure><figure class='gallery-item'>\n\t\t\t<div class='gallery-icon portrait'>\n\t\t\t\t<img loading=\"lazy\" decoding=\"async\" width=\"640\" height=\"800\" src=\"https:\/\/edai.eu\/wp-content\/uploads\/2023\/09\/Speaker-Highlight-2-1-640x800.png\" class=\"attachment-medium size-medium\" alt=\"\" srcset=\"https:\/\/edai.eu\/wp-content\/uploads\/2023\/09\/Speaker-Highlight-2-1-640x800.png 640w, https:\/\/edai.eu\/wp-content\/uploads\/2023\/09\/Speaker-Highlight-2-1-768x960.png 768w, https:\/\/edai.eu\/wp-content\/uploads\/2023\/09\/Speaker-Highlight-2-1-600x750.png 600w, https:\/\/edai.eu\/wp-content\/uploads\/2023\/09\/Speaker-Highlight-2-1.png 1080w\" sizes=\"auto, (max-width: 640px) 100vw, 640px\" \/>\n\t\t\t<\/div><\/figure><figure class='gallery-item'>\n\t\t\t<div class='gallery-icon portrait'>\n\t\t\t\t<img loading=\"lazy\" decoding=\"async\" width=\"640\" height=\"800\" src=\"https:\/\/edai.eu\/wp-content\/uploads\/2023\/09\/Speaker-Highlight-3-1-640x800.png\" class=\"attachment-medium size-medium\" alt=\"\" srcset=\"https:\/\/edai.eu\/wp-content\/uploads\/2023\/09\/Speaker-Highlight-3-1-640x800.png 640w, https:\/\/edai.eu\/wp-content\/uploads\/2023\/09\/Speaker-Highlight-3-1-768x960.png 768w, https:\/\/edai.eu\/wp-content\/uploads\/2023\/09\/Speaker-Highlight-3-1-600x750.png 600w, https:\/\/edai.eu\/wp-content\/uploads\/2023\/09\/Speaker-Highlight-3-1.png 1080w\" sizes=\"auto, (max-width: 640px) 100vw, 640px\" \/>\n\t\t\t<\/div><\/figure><figure class='gallery-item'>\n\t\t\t<div class='gallery-icon portrait'>\n\t\t\t\t<img loading=\"lazy\" decoding=\"async\" width=\"640\" height=\"800\" src=\"https:\/\/edai.eu\/wp-content\/uploads\/2023\/09\/Speaker-Highlight-5-1-640x800.png\" class=\"attachment-medium size-medium\" alt=\"\" srcset=\"https:\/\/edai.eu\/wp-content\/uploads\/2023\/09\/Speaker-Highlight-5-1-640x800.png 640w, https:\/\/edai.eu\/wp-content\/uploads\/2023\/09\/Speaker-Highlight-5-1-768x960.png 768w, https:\/\/edai.eu\/wp-content\/uploads\/2023\/09\/Speaker-Highlight-5-1-600x750.png 600w, https:\/\/edai.eu\/wp-content\/uploads\/2023\/09\/Speaker-Highlight-5-1.png 1080w\" sizes=\"auto, (max-width: 640px) 100vw, 640px\" \/>\n\t\t\t<\/div><\/figure><figure class='gallery-item'>\n\t\t\t<div class='gallery-icon portrait'>\n\t\t\t\t<img loading=\"lazy\" decoding=\"async\" width=\"640\" height=\"800\" src=\"https:\/\/edai.eu\/wp-content\/uploads\/2023\/09\/Speaker-Highlight-6-1-640x800.png\" class=\"attachment-medium size-medium\" alt=\"\" srcset=\"https:\/\/edai.eu\/wp-content\/uploads\/2023\/09\/Speaker-Highlight-6-1-640x800.png 640w, https:\/\/edai.eu\/wp-content\/uploads\/2023\/09\/Speaker-Highlight-6-1-768x960.png 768w, https:\/\/edai.eu\/wp-content\/uploads\/2023\/09\/Speaker-Highlight-6-1-600x750.png 600w, https:\/\/edai.eu\/wp-content\/uploads\/2023\/09\/Speaker-Highlight-6-1.png 1080w\" sizes=\"auto, (max-width: 640px) 100vw, 640px\" \/>\n\t\t\t<\/div><\/figure><figure class='gallery-item'>\n\t\t\t<div class='gallery-icon portrait'>\n\t\t\t\t<img loading=\"lazy\" decoding=\"async\" width=\"640\" height=\"800\" src=\"https:\/\/edai.eu\/wp-content\/uploads\/2023\/09\/Speaker-Highlight-7-1-640x800.png\" class=\"attachment-medium size-medium\" alt=\"\" srcset=\"https:\/\/edai.eu\/wp-content\/uploads\/2023\/09\/Speaker-Highlight-7-1-640x800.png 640w, https:\/\/edai.eu\/wp-content\/uploads\/2023\/09\/Speaker-Highlight-7-1-768x960.png 768w, https:\/\/edai.eu\/wp-content\/uploads\/2023\/09\/Speaker-Highlight-7-1-600x750.png 600w, https:\/\/edai.eu\/wp-content\/uploads\/2023\/09\/Speaker-Highlight-7-1.png 1080w\" sizes=\"auto, (max-width: 640px) 100vw, 640px\" \/>\n\t\t\t<\/div><\/figure><figure class='gallery-item'>\n\t\t\t<div class='gallery-icon portrait'>\n\t\t\t\t<img loading=\"lazy\" decoding=\"async\" width=\"640\" height=\"800\" src=\"https:\/\/edai.eu\/wp-content\/uploads\/2023\/09\/Speaker-Highlight-2-2-640x800.png\" class=\"attachment-medium size-medium\" alt=\"\" srcset=\"https:\/\/edai.eu\/wp-content\/uploads\/2023\/09\/Speaker-Highlight-2-2-640x800.png 640w, https:\/\/edai.eu\/wp-content\/uploads\/2023\/09\/Speaker-Highlight-2-2-768x960.png 768w, https:\/\/edai.eu\/wp-content\/uploads\/2023\/09\/Speaker-Highlight-2-2-600x750.png 600w, https:\/\/edai.eu\/wp-content\/uploads\/2023\/09\/Speaker-Highlight-2-2.png 1080w\" sizes=\"auto, (max-width: 640px) 100vw, 640px\" \/>\n\t\t\t<\/div><\/figure><figure class='gallery-item'>\n\t\t\t<div class='gallery-icon portrait'>\n\t\t\t\t<img loading=\"lazy\" decoding=\"async\" width=\"640\" height=\"800\" src=\"https:\/\/edai.eu\/wp-content\/uploads\/2023\/09\/Speaker-Highlight-8-640x800.png\" class=\"attachment-medium size-medium\" alt=\"\" srcset=\"https:\/\/edai.eu\/wp-content\/uploads\/2023\/09\/Speaker-Highlight-8-640x800.png 640w, https:\/\/edai.eu\/wp-content\/uploads\/2023\/09\/Speaker-Highlight-8-768x960.png 768w, https:\/\/edai.eu\/wp-content\/uploads\/2023\/09\/Speaker-Highlight-8-600x750.png 600w, https:\/\/edai.eu\/wp-content\/uploads\/2023\/09\/Speaker-Highlight-8.png 1080w\" sizes=\"auto, (max-width: 640px) 100vw, 640px\" \/>\n\t\t\t<\/div><\/figure><figure class='gallery-item'>\n\t\t\t<div class='gallery-icon portrait'>\n\t\t\t\t<img loading=\"lazy\" decoding=\"async\" width=\"640\" height=\"800\" src=\"https:\/\/edai.eu\/wp-content\/uploads\/2023\/09\/Speaker-Highlight-3-2-640x800.png\" class=\"attachment-medium size-medium\" alt=\"\" srcset=\"https:\/\/edai.eu\/wp-content\/uploads\/2023\/09\/Speaker-Highlight-3-2-640x800.png 640w, https:\/\/edai.eu\/wp-content\/uploads\/2023\/09\/Speaker-Highlight-3-2-768x960.png 768w, https:\/\/edai.eu\/wp-content\/uploads\/2023\/09\/Speaker-Highlight-3-2-600x750.png 600w, https:\/\/edai.eu\/wp-content\/uploads\/2023\/09\/Speaker-Highlight-3-2.png 1080w\" sizes=\"auto, (max-width: 640px) 100vw, 640px\" \/>\n\t\t\t<\/div><\/figure><figure class='gallery-item'>\n\t\t\t<div class='gallery-icon portrait'>\n\t\t\t\t<img loading=\"lazy\" decoding=\"async\" width=\"640\" height=\"800\" src=\"https:\/\/edai.eu\/wp-content\/uploads\/2025\/05\/Speaker-Highlight-3-640x800.jpg\" class=\"attachment-medium size-medium\" alt=\"\" srcset=\"https:\/\/edai.eu\/wp-content\/uploads\/2025\/05\/Speaker-Highlight-3-640x800.jpg 640w, https:\/\/edai.eu\/wp-content\/uploads\/2025\/05\/Speaker-Highlight-3-768x960.jpg 768w, https:\/\/edai.eu\/wp-content\/uploads\/2025\/05\/Speaker-Highlight-3-600x750.jpg 600w, https:\/\/edai.eu\/wp-content\/uploads\/2025\/05\/Speaker-Highlight-3.jpg 1080w\" sizes=\"auto, (max-width: 640px) 100vw, 640px\" \/>\n\t\t\t<\/div><\/figure><figure class='gallery-item'>\n\t\t\t<div class='gallery-icon portrait'>\n\t\t\t\t<img loading=\"lazy\" decoding=\"async\" width=\"640\" height=\"800\" src=\"https:\/\/edai.eu\/wp-content\/uploads\/2025\/05\/Speaker-Highlight-2-640x800.jpg\" class=\"attachment-medium size-medium\" alt=\"\" srcset=\"https:\/\/edai.eu\/wp-content\/uploads\/2025\/05\/Speaker-Highlight-2-640x800.jpg 640w, https:\/\/edai.eu\/wp-content\/uploads\/2025\/05\/Speaker-Highlight-2-768x960.jpg 768w, https:\/\/edai.eu\/wp-content\/uploads\/2025\/05\/Speaker-Highlight-2-600x750.jpg 600w, https:\/\/edai.eu\/wp-content\/uploads\/2025\/05\/Speaker-Highlight-2.jpg 1080w\" sizes=\"auto, (max-width: 640px) 100vw, 640px\" \/>\n\t\t\t<\/div><\/figure><figure class='gallery-item'>\n\t\t\t<div class='gallery-icon portrait'>\n\t\t\t\t<img loading=\"lazy\" decoding=\"async\" width=\"640\" height=\"800\" src=\"https:\/\/edai.eu\/wp-content\/uploads\/2025\/05\/Speaker-Highlight-640x800.jpg\" class=\"attachment-medium size-medium\" alt=\"\" srcset=\"https:\/\/edai.eu\/wp-content\/uploads\/2025\/05\/Speaker-Highlight-640x800.jpg 640w, https:\/\/edai.eu\/wp-content\/uploads\/2025\/05\/Speaker-Highlight-768x960.jpg 768w, https:\/\/edai.eu\/wp-content\/uploads\/2025\/05\/Speaker-Highlight-600x750.jpg 600w, https:\/\/edai.eu\/wp-content\/uploads\/2025\/05\/Speaker-Highlight.jpg 1080w\" sizes=\"auto, (max-width: 640px) 100vw, 640px\" \/>\n\t\t\t<\/div><\/figure><figure class='gallery-item'>\n\t\t\t<div class='gallery-icon portrait'>\n\t\t\t\t<img loading=\"lazy\" decoding=\"async\" width=\"640\" height=\"800\" src=\"https:\/\/edai.eu\/wp-content\/uploads\/2025\/05\/Speaker-Highlight-4-640x800.jpg\" class=\"attachment-medium size-medium\" alt=\"\" srcset=\"https:\/\/edai.eu\/wp-content\/uploads\/2025\/05\/Speaker-Highlight-4-640x800.jpg 640w, https:\/\/edai.eu\/wp-content\/uploads\/2025\/05\/Speaker-Highlight-4-768x960.jpg 768w, https:\/\/edai.eu\/wp-content\/uploads\/2025\/05\/Speaker-Highlight-4-600x750.jpg 600w, https:\/\/edai.eu\/wp-content\/uploads\/2025\/05\/Speaker-Highlight-4.jpg 1080w\" sizes=\"auto, (max-width: 640px) 100vw, 640px\" \/>\n\t\t\t<\/div><\/figure><figure class='gallery-item'>\n\t\t\t<div class='gallery-icon portrait'>\n\t\t\t\t<img loading=\"lazy\" decoding=\"async\" width=\"640\" height=\"800\" src=\"https:\/\/edai.eu\/wp-content\/uploads\/2025\/05\/Speaker-Highlight-6-640x800.jpg\" class=\"attachment-medium size-medium\" alt=\"\" srcset=\"https:\/\/edai.eu\/wp-content\/uploads\/2025\/05\/Speaker-Highlight-6-640x800.jpg 640w, https:\/\/edai.eu\/wp-content\/uploads\/2025\/05\/Speaker-Highlight-6-768x960.jpg 768w, https:\/\/edai.eu\/wp-content\/uploads\/2025\/05\/Speaker-Highlight-6-600x750.jpg 600w, https:\/\/edai.eu\/wp-content\/uploads\/2025\/05\/Speaker-Highlight-6.jpg 1080w\" sizes=\"auto, (max-width: 640px) 100vw, 640px\" \/>\n\t\t\t<\/div><\/figure><figure class='gallery-item'>\n\t\t\t<div class='gallery-icon portrait'>\n\t\t\t\t<img loading=\"lazy\" decoding=\"async\" width=\"640\" height=\"800\" src=\"https:\/\/edai.eu\/wp-content\/uploads\/2025\/05\/Speaker-Highlight-5-640x800.jpg\" class=\"attachment-medium size-medium\" alt=\"\" srcset=\"https:\/\/edai.eu\/wp-content\/uploads\/2025\/05\/Speaker-Highlight-5-640x800.jpg 640w, https:\/\/edai.eu\/wp-content\/uploads\/2025\/05\/Speaker-Highlight-5-768x960.jpg 768w, https:\/\/edai.eu\/wp-content\/uploads\/2025\/05\/Speaker-Highlight-5-600x750.jpg 600w, https:\/\/edai.eu\/wp-content\/uploads\/2025\/05\/Speaker-Highlight-5.jpg 1080w\" sizes=\"auto, (max-width: 640px) 100vw, 640px\" \/>\n\t\t\t<\/div><\/figure><figure class='gallery-item'>\n\t\t\t<div class='gallery-icon portrait'>\n\t\t\t\t<img loading=\"lazy\" decoding=\"async\" width=\"640\" height=\"800\" src=\"https:\/\/edai.eu\/wp-content\/uploads\/2025\/05\/Speaker-Highlight-7-640x800.jpg\" class=\"attachment-medium size-medium\" alt=\"\" srcset=\"https:\/\/edai.eu\/wp-content\/uploads\/2025\/05\/Speaker-Highlight-7-640x800.jpg 640w, https:\/\/edai.eu\/wp-content\/uploads\/2025\/05\/Speaker-Highlight-7-768x960.jpg 768w, https:\/\/edai.eu\/wp-content\/uploads\/2025\/05\/Speaker-Highlight-7-600x750.jpg 600w, https:\/\/edai.eu\/wp-content\/uploads\/2025\/05\/Speaker-Highlight-7.jpg 1080w\" sizes=\"auto, (max-width: 640px) 100vw, 640px\" \/>\n\t\t\t<\/div><\/figure><figure class='gallery-item'>\n\t\t\t<div class='gallery-icon portrait'>\n\t\t\t\t<img loading=\"lazy\" decoding=\"async\" width=\"640\" height=\"800\" src=\"https:\/\/edai.eu\/wp-content\/uploads\/2025\/05\/Speaker-Highlight-9-640x800.jpg\" class=\"attachment-medium size-medium\" alt=\"\" srcset=\"https:\/\/edai.eu\/wp-content\/uploads\/2025\/05\/Speaker-Highlight-9-640x800.jpg 640w, https:\/\/edai.eu\/wp-content\/uploads\/2025\/05\/Speaker-Highlight-9-768x960.jpg 768w, https:\/\/edai.eu\/wp-content\/uploads\/2025\/05\/Speaker-Highlight-9-600x750.jpg 600w, https:\/\/edai.eu\/wp-content\/uploads\/2025\/05\/Speaker-Highlight-9.jpg 1080w\" sizes=\"auto, (max-width: 640px) 100vw, 640px\" \/>\n\t\t\t<\/div><\/figure><figure class='gallery-item'>\n\t\t\t<div class='gallery-icon portrait'>\n\t\t\t\t<img loading=\"lazy\" decoding=\"async\" width=\"640\" height=\"800\" src=\"https:\/\/edai.eu\/wp-content\/uploads\/2025\/05\/Speaker-Highlight-10-640x800.jpg\" class=\"attachment-medium size-medium\" alt=\"\" srcset=\"https:\/\/edai.eu\/wp-content\/uploads\/2025\/05\/Speaker-Highlight-10-640x800.jpg 640w, https:\/\/edai.eu\/wp-content\/uploads\/2025\/05\/Speaker-Highlight-10-768x960.jpg 768w, https:\/\/edai.eu\/wp-content\/uploads\/2025\/05\/Speaker-Highlight-10-600x750.jpg 600w, https:\/\/edai.eu\/wp-content\/uploads\/2025\/05\/Speaker-Highlight-10.jpg 1080w\" sizes=\"auto, (max-width: 640px) 100vw, 640px\" \/>\n\t\t\t<\/div><\/figure><figure class='gallery-item'>\n\t\t\t<div class='gallery-icon portrait'>\n\t\t\t\t<img loading=\"lazy\" decoding=\"async\" width=\"640\" height=\"800\" src=\"https:\/\/edai.eu\/wp-content\/uploads\/2025\/05\/Speaker-Highlight-11-640x800.jpg\" class=\"attachment-medium size-medium\" alt=\"\" srcset=\"https:\/\/edai.eu\/wp-content\/uploads\/2025\/05\/Speaker-Highlight-11-640x800.jpg 640w, https:\/\/edai.eu\/wp-content\/uploads\/2025\/05\/Speaker-Highlight-11-768x960.jpg 768w, https:\/\/edai.eu\/wp-content\/uploads\/2025\/05\/Speaker-Highlight-11-600x750.jpg 600w, https:\/\/edai.eu\/wp-content\/uploads\/2025\/05\/Speaker-Highlight-11.jpg 1080w\" sizes=\"auto, (max-width: 640px) 100vw, 640px\" \/>\n\t\t\t<\/div><\/figure><figure class='gallery-item'>\n\t\t\t<div class='gallery-icon portrait'>\n\t\t\t\t<img loading=\"lazy\" decoding=\"async\" width=\"640\" height=\"800\" src=\"https:\/\/edai.eu\/wp-content\/uploads\/2025\/05\/Speaker-Highlight-8-640x800.jpg\" class=\"attachment-medium size-medium\" alt=\"\" srcset=\"https:\/\/edai.eu\/wp-content\/uploads\/2025\/05\/Speaker-Highlight-8-640x800.jpg 640w, https:\/\/edai.eu\/wp-content\/uploads\/2025\/05\/Speaker-Highlight-8-768x960.jpg 768w, https:\/\/edai.eu\/wp-content\/uploads\/2025\/05\/Speaker-Highlight-8-600x750.jpg 600w, https:\/\/edai.eu\/wp-content\/uploads\/2025\/05\/Speaker-Highlight-8.jpg 1080w\" sizes=\"auto, (max-width: 640px) 100vw, 640px\" \/>\n\t\t\t<\/div><\/figure><figure class='gallery-item'>\n\t\t\t<div class='gallery-icon portrait'>\n\t\t\t\t<img loading=\"lazy\" decoding=\"async\" width=\"640\" height=\"800\" src=\"https:\/\/edai.eu\/wp-content\/uploads\/2025\/05\/Speaker-Highlight-12-640x800.jpg\" class=\"attachment-medium size-medium\" alt=\"\" srcset=\"https:\/\/edai.eu\/wp-content\/uploads\/2025\/05\/Speaker-Highlight-12-640x800.jpg 640w, https:\/\/edai.eu\/wp-content\/uploads\/2025\/05\/Speaker-Highlight-12-768x960.jpg 768w, https:\/\/edai.eu\/wp-content\/uploads\/2025\/05\/Speaker-Highlight-12-600x750.jpg 600w, https:\/\/edai.eu\/wp-content\/uploads\/2025\/05\/Speaker-Highlight-12.jpg 1080w\" sizes=\"auto, (max-width: 640px) 100vw, 640px\" \/>\n\t\t\t<\/div><\/figure>\n\t\t<\/div>\n\n<h2 data-start=\"139\" data-end=\"427\"><strong data-start=\"139\" data-end=\"237\"> 4a EDAI International Conference el 5 i 6 de juny de 2025, a CosmoCaixa, Barcelona<\/strong><\/h2>\n<p data-start=\"139\" data-end=\"427\">El t\u00edtol d&#8217;aquest any, <em data-start=\"259\" data-end=\"318\">Condicions del Neurodesenvolupament en Infants i Adolescents<\/em>, s&#8217;abrodar\u00e0 des d&#8217;una perspectiva multidisciplinar integrant la pr\u00e0ctica cl\u00ednica, la recerca i la innovaci\u00f3.<\/p>\n<p class=\"\" data-start=\"429\" data-end=\"710\">Consolidat com un esdeveniment clau en salut mental infantojuvenil, les Jornades oferiran pon\u00e8ncies plen\u00e0ries, sessions paral\u00b7leles i tallers amb experts de primer nivell.<br data-start=\"581\" data-end=\"584\">Entre els ponents confirmats hi ha Boris Cyrulnik (Neur\u00f2leg, Fran\u00e7a), Tony Charman (King&#8217;s College London), Antonia Hamilton (University College London), Leticia Asenjo (Fundadora i directora d&#8217;EDAI), Michael Lombardo (Director del LAND, Institut de Tecnologia de Mil\u00e0), entre d\u2019altres.<\/p>\n<p align=\"left\"><i><strong data-start=\"184\" data-end=\"198\">IMPORTANT:<\/strong> L\u2019EDAI School of Neurodevelopment and Mental Health es reserva el dret de modificar la programaci\u00f3 de cursos i congressos, incloent-hi el canvi de ponents, per causes externes a l\u2019organitzaci\u00f3. Aquests canvis no donaran dret a reclamacions o reemborsaments, i l\u2019organitzaci\u00f3 garantir\u00e0 que es mantingui la qualitat de la formaci\u00f3. <\/i><\/p>\n<div id='gallery-2' class='gallery galleryid-4368 gallery-columns-2 gallery-size-medium'><figure class='gallery-item'>\n\t\t\t<div class='gallery-icon landscape'>\n\t\t\t\t<img loading=\"lazy\" decoding=\"async\" width=\"800\" height=\"400\" src=\"https:\/\/edai.eu\/wp-content\/uploads\/2023\/09\/Sponsors-800x400.png\" class=\"attachment-medium size-medium\" alt=\"\" srcset=\"https:\/\/edai.eu\/wp-content\/uploads\/2023\/09\/Sponsors-800x400.png 800w, https:\/\/edai.eu\/wp-content\/uploads\/2023\/09\/Sponsors-2000x1000.png 2000w, https:\/\/edai.eu\/wp-content\/uploads\/2023\/09\/Sponsors-768x384.png 768w, https:\/\/edai.eu\/wp-content\/uploads\/2023\/09\/Sponsors-1536x768.png 1536w, https:\/\/edai.eu\/wp-content\/uploads\/2023\/09\/Sponsors-2048x1024.png 2048w, https:\/\/edai.eu\/wp-content\/uploads\/2023\/09\/Sponsors-600x300.png 600w\" sizes=\"auto, (max-width: 800px) 100vw, 800px\" \/>\n\t\t\t<\/div><\/figure><figure class='gallery-item'>\n\t\t\t<div class='gallery-icon landscape'>\n\t\t\t\t<img loading=\"lazy\" decoding=\"async\" width=\"800\" height=\"400\" src=\"https:\/\/edai.eu\/wp-content\/uploads\/2025\/05\/Sponsors-1-800x400.png\" class=\"attachment-medium size-medium\" alt=\"\" srcset=\"https:\/\/edai.eu\/wp-content\/uploads\/2025\/05\/Sponsors-1-800x400.png 800w, https:\/\/edai.eu\/wp-content\/uploads\/2025\/05\/Sponsors-1-2000x1000.png 2000w, https:\/\/edai.eu\/wp-content\/uploads\/2025\/05\/Sponsors-1-768x384.png 768w, https:\/\/edai.eu\/wp-content\/uploads\/2025\/05\/Sponsors-1-1536x768.png 1536w, https:\/\/edai.eu\/wp-content\/uploads\/2025\/05\/Sponsors-1-2048x1024.png 2048w, https:\/\/edai.eu\/wp-content\/uploads\/2025\/05\/Sponsors-1-600x300.png 600w\" sizes=\"auto, (max-width: 800px) 100vw, 800px\" \/>\n\t\t\t<\/div><\/figure>\n\t\t<\/div>\n\n<h4 align=\"left\"><\/h4>\n<h4 align=\"left\"><b>EDAI Research &amp; Development Awards<\/b><\/h4>\n<p><img loading=\"lazy\" decoding=\"async\" class=\"wp-image-6193 alignright\" style=\"font-family: -apple-system, system-ui, BlinkMacSystemFont, 'Segoe UI', Helvetica, Arial, sans-serif, 'Apple Color Emoji', 'Segoe UI Emoji', 'Segoe UI Symbol';\" src=\"https:\/\/edai.eu\/wp-content\/uploads\/2023\/09\/Portada-F_Orange-EDAi-Awards-640x800.jpg\" alt=\"\" width=\"302\" height=\"378\" srcset=\"https:\/\/edai.eu\/wp-content\/uploads\/2023\/09\/Portada-F_Orange-EDAi-Awards-640x800.jpg 640w, https:\/\/edai.eu\/wp-content\/uploads\/2023\/09\/Portada-F_Orange-EDAi-Awards-768x960.jpg 768w, https:\/\/edai.eu\/wp-content\/uploads\/2023\/09\/Portada-F_Orange-EDAi-Awards-600x750.jpg 600w, https:\/\/edai.eu\/wp-content\/uploads\/2023\/09\/Portada-F_Orange-EDAi-Awards.jpg 1080w\" sizes=\"auto, (max-width: 302px) 100vw, 302px\" \/><\/p>\n<p><span class=\"OYPEnA font-feature-liga-off font-feature-clig-off font-feature-calt-off text-decoration-none text-strikethrough-none\">Ens complau anunciar els Premis de recerca Orange &amp; EDAI Research Awards, dins de les Jornades Internacionals EDAI <\/span><\/p>\n<p><span class=\"OYPEnA font-feature-liga-off font-feature-clig-off font-feature-calt-off text-decoration-none text-strikethrough-none\">Patrocinats per Orange, els Premis EDAI de Recerca s\u00f3n una iniciativa per incentivar la recerca en el camp del neurodesenvolupament i la salut mental infantojuvenil. <\/span><span class=\"OYPEnA font-feature-liga-off font-feature-clig-off font-feature-calt-off text-decoration-none text-strikethrough-none\">El cert\u00e0men \u00e9s a nivel internacional. <\/span><\/p>\n<p align=\"left\">Aquestes s\u00f3n les bases per poder participar. Fins el 30 de maig! <\/p>\n<h5 align=\"left\"><b><a href=\"https:\/\/edai.eu\/wp-content\/uploads\/2023\/09\/EDAI-RD-Award-Booklet-En-1.pdf\">EDAI R&amp;D Awards<\/a> <\/b><\/h5>\n<p align=\"left\">Per a qualsevol consulta ens podeu escriure a: conference@edai.eu<\/p>\n","protected":false},"excerpt":{"rendered":"<h1><b><a href=\"https:\/\/edai.eu\/wp-content\/uploads\/2025\/05\/Programa-final-Jornadas-EDAI.pdf\">Programa<\/a><\/b><\/h1>\n<p>Aquest esdeveniment ha finalitzat.<\/p>\n","protected":false},"featured_media":5506,"template":"","meta":{"_acf_changed":false,"CBBTypography":[]},"product_brand":[],"product_cat":[43,36],"product_tag":[],"class_list":{"0":"post-4368","1":"product","2":"type-product","3":"status-publish","4":"has-post-thumbnail","6":"product_cat-neurodesenvolupament","7":"product_cat-uncategorized-ca","9":"first","10":"instock","11":"shipping-taxable","12":"purchasable","13":"product-type-variable"},"acf":[],"_links":{"self":[{"href":"https:\/\/edai.eu\/ca\/wp-json\/wp\/v2\/product\/4368","targetHints":{"allow":["GET"]}}],"collection":[{"href":"https:\/\/edai.eu\/ca\/wp-json\/wp\/v2\/product"}],"about":[{"href":"https:\/\/edai.eu\/ca\/wp-json\/wp\/v2\/types\/product"}],"wp:featuredmedia":[{"embeddable":true,"href":"https:\/\/edai.eu\/ca\/wp-json\/wp\/v2\/media\/5506"}],"wp:attachment":[{"href":"https:\/\/edai.eu\/ca\/wp-json\/wp\/v2\/media?parent=4368"}],"wp:term":[{"taxonomy":"product_brand","embeddable":true,"href":"https:\/\/edai.eu\/ca\/wp-json\/wp\/v2\/product_brand?post=4368"},{"taxonomy":"product_cat","embeddable":true,"href":"https:\/\/edai.eu\/ca\/wp-json\/wp\/v2\/product_cat?post=4368"},{"taxonomy":"product_tag","embeddable":true,"href":"https:\/\/edai.eu\/ca\/wp-json\/wp\/v2\/product_tag?post=4368"}],"curies":[{"name":"wp","href":"https:\/\/api.w.org\/{rel}","templated":true}]}}