

{"id":6971,"date":"2026-01-30T10:44:16","date_gmt":"2026-01-30T08:44:16","guid":{"rendered":"https:\/\/edai.eu\/?post_type=product&#038;p=6971"},"modified":"2026-02-02T17:45:27","modified_gmt":"2026-02-02T15:45:27","slug":"2n-edai-simposi-autisme","status":"publish","type":"product","link":"https:\/\/edai.eu\/ca\/course\/2n-edai-simposi-autisme\/","title":{"rendered":"2n Simposi EDAI sobre l&#8217;Autisme"},"content":{"rendered":"<h1 data-start=\"139\" data-end=\"427\"><strong style=\"font-family: inherit; font-size: 35px; font-style: inherit;\" data-start=\"139\" data-end=\"237\">II Simposi EDAI sobre l&#8217;Autisme.<\/strong><\/h1>\n<h1 data-start=\"139\" data-end=\"427\"><strong style=\"font-family: inherit; font-size: 35px; font-style: inherit;\" data-start=\"139\" data-end=\"237\">23 octubre 2026. Caixaforum, Madrid.<\/strong><\/h1>\n<p>Programa disponible properament. <\/p>\n<p data-start=\"177\" data-end=\"475\">Despr\u00e9s de l\u2019\u00e8xit del 1r EDAI Symposium: \u201cAven\u00e7os en Autisme des d\u2019una perspectiva multidisciplin\u00e0ria\u201d, celebrat a CaixaForum Madrid el novembre de 2023, EDAI es complau a anunciar la 2a edici\u00f3 de l\u2019EDAI Symposium sobre Autisme, que tindr\u00e0 lloc el 23 d\u2019octubre de 2026 a CaixaForum Madrid.<\/p>\n<p data-start=\"477\" data-end=\"901\">Aquesta nova edici\u00f3 tornar\u00e0 a reunir experts nacionals i internacionals per explorar els darrers aven\u00e7os en autisme des d\u2019una perspectiva multidisciplin\u00e0ria i basada en l\u2019evid\u00e8ncia, promovent la col\u00b7laboraci\u00f3 entre els \u00e0mbits cl\u00ednic, educatiu i de recerca. El Simposi t\u00e9 com a objectiu continuar enfortint el coneixement, compartir bones pr\u00e0ctiques i millorar el suport a les persones dins l\u2019espectre de l\u2019autisme i les seves fam\u00edlies.<\/p>\n<p align=\"left\"><i><strong data-start=\"184\" data-end=\"198\">IMPORTANT:<\/strong> L\u2019EDAI School of Neurodevelopment and Mental Health es reserva el dret de modificar la programaci\u00f3 de cursos i congressos, incloent-hi el canvi de ponents, per causes externes a l\u2019organitzaci\u00f3. Aquests canvis no donaran dret a reclamacions o reemborsaments, i l\u2019organitzaci\u00f3 garantir\u00e0 que es mantingui la qualitat de la formaci\u00f3. <\/i><\/p>\n","protected":false},"excerpt":{"rendered":"<p>No et perdis els darrers aven\u00e7os en l&#8217;autisme des d\u2019una perspectiva multidisciplin\u00e0ria.<\/p>\n<p>Reserva&#8217;t la data!<\/p>\n<p><img decoding=\"async\" class=\"emoji\" role=\"img\" draggable=\"false\" src=\"https:\/\/s.w.org\/images\/core\/emoji\/17.0.2\/svg\/1f4c5.svg\" alt=\"\ud83d\udcc5\"> <strong data-start=\"116\" data-end=\"138\">23 Octubre 2026<\/strong><br data-start=\"138\" data-end=\"141\"><img decoding=\"async\" class=\"emoji\" role=\"img\" draggable=\"false\" src=\"https:\/\/s.w.org\/images\/core\/emoji\/17.0.2\/svg\/23f0.svg\" alt=\"\u23f0\"> <b>9:30 \u2013 17:00 h<\/b><br data-start=\"165\" data-end=\"168\"><img decoding=\"async\" class=\"emoji\" role=\"img\" draggable=\"false\" src=\"https:\/\/s.w.org\/images\/core\/emoji\/17.0.2\/svg\/1f4cd.svg\" alt=\"\ud83d\udccd\"> <strong data-start=\"171\" data-end=\"210\">CaixaForum. Madrid<\/strong><\/p>\n<p>Preu regular: 49\u20ac<\/p>\n<p>Redu\u00efda: 45\u20ac<\/p>\n","protected":false},"featured_media":6994,"template":"","meta":{"_acf_changed":false,"CBBTypography":[]},"product_brand":[],"product_cat":[43,36],"product_tag":[],"class_list":{"0":"post-6971","1":"product","2":"type-product","3":"status-publish","4":"has-post-thumbnail","6":"product_cat-neurodesenvolupament","7":"product_cat-uncategorized-ca","9":"first","10":"instock","11":"shipping-taxable","12":"purchasable","13":"product-type-variable"},"acf":[],"_links":{"self":[{"href":"https:\/\/edai.eu\/ca\/wp-json\/wp\/v2\/product\/6971","targetHints":{"allow":["GET"]}}],"collection":[{"href":"https:\/\/edai.eu\/ca\/wp-json\/wp\/v2\/product"}],"about":[{"href":"https:\/\/edai.eu\/ca\/wp-json\/wp\/v2\/types\/product"}],"wp:featuredmedia":[{"embeddable":true,"href":"https:\/\/edai.eu\/ca\/wp-json\/wp\/v2\/media\/6994"}],"wp:attachment":[{"href":"https:\/\/edai.eu\/ca\/wp-json\/wp\/v2\/media?parent=6971"}],"wp:term":[{"taxonomy":"product_brand","embeddable":true,"href":"https:\/\/edai.eu\/ca\/wp-json\/wp\/v2\/product_brand?post=6971"},{"taxonomy":"product_cat","embeddable":true,"href":"https:\/\/edai.eu\/ca\/wp-json\/wp\/v2\/product_cat?post=6971"},{"taxonomy":"product_tag","embeddable":true,"href":"https:\/\/edai.eu\/ca\/wp-json\/wp\/v2\/product_tag?post=6971"}],"curies":[{"name":"wp","href":"https:\/\/api.w.org\/{rel}","templated":true}]}}