

{"id":3353,"date":"2023-07-06T17:21:22","date_gmt":"2023-07-06T17:21:22","guid":{"rendered":"https:\/\/edai.eu\/pide-cita\/"},"modified":"2024-04-05T10:10:05","modified_gmt":"2024-04-05T10:10:05","slug":"pide-cita","status":"publish","type":"page","link":"https:\/\/edai.eu\/es\/pide-cita\/","title":{"rendered":"Pide cita"},"content":{"rendered":"<div class=\"gb-container gb-container-779a8b51 gb-container-seccio\">\n<div class=\"gb-container gb-container-c69c8ab8 gb-container-seccio-inner\">\n\n<h2 class=\"gb-headline gb-headline-e9fdfde2 gb-headline-text gb-headline-giant\">P\u00fablica<\/h2>\n\n\n<div class=\"gb-container gb-container-ac95f3db gb-container-form-grid rounded\">\n\n<form class=\"wpcf7-form init\"><div class=\"custom-select\"><div class=\"wpcf7-form-control-wrap\"><p><select id=\"selectpublic\">\n <option value=\"\">Elige tu centro<\/option>\n <option value=\"https:\/\/appointment.edai.eu\/children\/request?service=CLC&#038;funding=PUBLIC&#038;lang=es\">EDAI Les Corts-Sarri\u00e0<\/option>\n <option value=\"https:\/\/appointment.edai.eu\/children\/request?service=CRE&#038;funding=PUBLIC&#038;lang=es\">EDAI Retiro<\/option>\n <option value=\"https:\/\/appointment.edai.eu\/children\/request?service=CSM&#038;funding=PUBLIC&#038;lang=es\">EDAI Sant Mart\u00ed<\/option>\n <\/select><\/p><\/div><\/div>\n <p><input class=\"wpcf7-form-control wpcf7-submit has-spinner\" type='button' id='send_selectpublic' onclick = 'window.open(document.getElementById(\"selectpublic\").options[document.getElementById(\"selectpublic\").selectedIndex].value)' value = 'Selecciona' \/><\/p><\/form>\n\n<\/div>\n<\/div>\n\n<div class=\"gb-container gb-container-a440fe1b gb-container-seccio-inner\">\n\n<h2 class=\"gb-headline gb-headline-18a4bd48 gb-headline-text gb-headline-giant\">Privada<\/h2>\n\n\n<div class=\"gb-container gb-container-ae124a91 gb-container-form-grid rounded\">\n\n<form class=\"wpcf7-form init\"><div class=\"custom-select\"><div class=\"wpcf7-form-control-wrap\"><p><select id=\"selectprivate\">\n      <option value=\"\">Elige tu centro<\/option>\n<option value=\"https:\/\/appointment.edai.eu\/children\/request?service=SGR&#038;funding=PRIVATE&#038;lang=es\">EDAI Gracia<\/option>\n<option value=\"https:\/\/appointment.edai.eu\/children\/request?service=SLC&#038;funding=PRIVATE&#038;lang=es\">EDAI Les Corts-Sarri\u00e0<\/option>\n<option value=\"https:\/\/appointment.edai.eu\/children\/request?service=SRE&#038;funding=PRIVATE&#038;lang=es\">EDAI Retiro<\/option>\n   <\/select><\/p><\/div><\/div>\n <p><input class=\"wpcf7-form-control wpcf7-submit has-spinner\" type='button' id='send_selectprivate' onclick = 'window.open(document.getElementById(\"selectprivate\").options[document.getElementById(\"selectprivate\").selectedIndex].value)' value = 'Selecciona' \/><\/p><\/form>\n\n<\/div>\n<\/div>\n<\/div>","protected":false},"excerpt":{"rendered":"<p>P\u00fablica Elige tu centroEDAI Les Corts-Sarri\u00e0EDAI RetiroEDAI Sant Mart\u00ed Privada Elige tu centroEDAI GraciaEDAI Les Corts-Sarri\u00e0EDAI Retiro<\/p>\n","protected":false},"author":1,"featured_media":0,"parent":0,"menu_order":0,"comment_status":"closed","ping_status":"closed","template":"","meta":{"_acf_changed":false,"CBBTypography":[],"productId":0,"courseId":0,"footnotes":""},"class_list":["post-3353","page","type-page","status-publish"],"acf":[],"_links":{"self":[{"href":"https:\/\/edai.eu\/es\/wp-json\/wp\/v2\/pages\/3353","targetHints":{"allow":["GET"]}}],"collection":[{"href":"https:\/\/edai.eu\/es\/wp-json\/wp\/v2\/pages"}],"about":[{"href":"https:\/\/edai.eu\/es\/wp-json\/wp\/v2\/types\/page"}],"author":[{"embeddable":true,"href":"https:\/\/edai.eu\/es\/wp-json\/wp\/v2\/users\/1"}],"replies":[{"embeddable":true,"href":"https:\/\/edai.eu\/es\/wp-json\/wp\/v2\/comments?post=3353"}],"version-history":[{"count":5,"href":"https:\/\/edai.eu\/es\/wp-json\/wp\/v2\/pages\/3353\/revisions"}],"predecessor-version":[{"id":5252,"href":"https:\/\/edai.eu\/es\/wp-json\/wp\/v2\/pages\/3353\/revisions\/5252"}],"wp:attachment":[{"href":"https:\/\/edai.eu\/es\/wp-json\/wp\/v2\/media?parent=3353"}],"curies":[{"name":"wp","href":"https:\/\/api.w.org\/{rel}","templated":true}]}}