

{"id":3374,"date":"2023-06-28T16:09:18","date_gmt":"2023-06-28T14:09:18","guid":{"rendered":"https:\/\/edai.eu\/sobre-nosotros\/"},"modified":"2024-12-05T00:24:28","modified_gmt":"2024-12-04T22:24:28","slug":"sobre-nosotros","status":"publish","type":"page","link":"https:\/\/edai.eu\/es\/sobre-nosotros\/","title":{"rendered":"Sobre nosotros"},"content":{"rendered":"<div class=\"gb-container gb-container-d2c31f0f alignfull gb-container-seccio\">\n<div class=\"gb-container gb-container-430c1e1e gb-container-seccio-inner\">\n<div class=\"gb-container gb-container-97172578 gb-container-full-video-img\">\n\n<figure class=\"wp-block-video\"><video autoplay=\"\" loop=\"\" muted=\"\" src=\"https:\/\/edai.eu\/wp-content\/uploads\/2023\/11\/About-us.mp4\" playsinline=\"\"><\/video><\/figure>\n\n<\/div>\n<\/div>\n<\/div><div class=\"gb-container gb-container-e5217de9 alignfull gb-container-seccio\">\n<div class=\"gb-container gb-container-56f58cc7 gb-container-seccio-inner\">\n<div class=\"gb-grid-wrapper gb-grid-wrapper-b6740f19\">\n<div class=\"gb-grid-column gb-grid-column-50a6118a\"><div class=\"gb-container gb-container-50a6118a\">\n\n<h2 class=\"gb-headline gb-headline-9c3279f7 gb-headline-text gb-headline-big\"><strong>Qui\u00e9nes somos<\/strong><\/h2>\n\n<\/div><\/div>\n\n<div class=\"gb-grid-column gb-grid-column-875b9949\"><div class=\"gb-container gb-container-875b9949\">\n\n<p class=\"gb-headline gb-headline-40817088 gb-headline-text gb-headline-big\">EDAI es una entidad sin \u00e1nimo de lucro dedicada al Neurodesarrollo y la Salud Mental.<\/p>\n\n\n\n<p class=\"gb-headline gb-headline-128ee663 gb-headline-text gb-headline-medium\">Ofrecemos servicios cl\u00ednicos integrales especializados en la primera infancia, adem\u00e1s de Centros de Neurodesarrollo y Salud Mental para ni\u00f1os, adolescentes y familias.<\/p>\n\n\n\n<p class=\"gb-headline gb-headline-d429705d gb-headline-text gb-headline-medium\">Nuestro compromiso va m\u00e1s all\u00e1 de la asistencia individual y lideramos iniciativas de salud y sociales, enmarcadas en la participaci\u00f3n comunitaria y respaldadas por la evidencia cient\u00edfica y t\u00e9cnica.<\/p>\n\n\n\n<p class=\"gb-headline gb-headline-99f10d6c gb-headline-text gb-headline-medium\">En EDAI, nuestra misi\u00f3n trasciende fronteras. Abogamos por el bienestar y el avance de la sociedad a trav\u00e9s de una combinaci\u00f3n de \u00abknow-how\u00bb cl\u00ednico, formaci\u00f3n avanzada, investigaci\u00f3n y difusi\u00f3n del conocimiento. <\/p>\n\n\n\n<p class=\"gb-headline gb-headline-1631d833 gb-headline-text gb-headline-medium\">Demostrando nuestro compromiso, EDAI es pionera de iniciativas punteras. Como empresa socialmente consciente, priorizamos servicios excelentes respaldados por recursos sostenibles y una vasta red internacional. <\/p>\n\n\n\n<a class=\"gb-button gb-button-100b223e gb-button-text gb-button-outline-small\" href=\"https:\/\/edai.eu\/es\/el-equipo\/\">El equipo<\/a>\n\n<\/div><\/div>\n<\/div>\n<\/div>\n<\/div><div class=\"gb-container gb-container-7d7fcce5 alignfull gb-container-seccio\">\n<div class=\"gb-container gb-container-abc08c81 gb-container-seccio-inner\">\n\n<h2 class=\"gb-headline gb-headline-42023a30 gb-headline-text gb-headline-big\">Qu\u00e9 ofrecemos<\/h2>\n\n\n<div class=\"gb-grid-wrapper gb-grid-wrapper-f101b35d\">\n<div class=\"gb-grid-column gb-grid-column-92e6a75f\"><div class=\"gb-container gb-container-92e6a75f\">\n<div class=\"gb-container gb-container-76696d74 gb-container-rounded-color\">\n\n<h2 class=\"gb-headline gb-headline-777f55bc gb-headline-text gb-headline-big\">Servicios Cl\u00ednicos<\/h2>\n\n\n\n<p class=\"gb-headline gb-headline-46f86f25 gb-headline-text gb-headline-medium\">EDAI es una entidad dedicada al Neurodesarrollo y la Salud Mental, que gestiona servicios cl\u00ednicos orientados a la primera infancia, infancia, adolescencia y familias desde hace m\u00e1s de 15 a\u00f1os. Dirigimos 4 centros cl\u00ednicos en Barcelona y Madrid, con contratos de gesti\u00f3n de servicios de Atenci\u00f3n Temprana con el Departament de Drets Socials de la Generalitat de Catalunya y la Consejer\u00eda de Familia, Juventud y Asuntos Sociales de la Comunidad de Madrid. <\/p>\n\n\n\n<p class=\"gb-headline gb-headline-8f6f52e4 gb-headline-text gb-headline-medium\">Hemos llevado a cabo proyectos cl\u00ednicos y sociales en colaboraci\u00f3n con el Ajuntament de Barcelona, el Ayuntamiento de Madrid y la Fundaci\u00f3 la Caixa, entre otros. Desde 2006, hemos atendido a m\u00e1s de 15,000 ni\u00f1os y familias. Nuestro equipo multidisciplinario est\u00e1 formado por 40 profesionales, que incluyen neuropediatras, neuropsic\u00f3logos, psicoterapeutas, fisioterapeutas, logopedas, terapeutas ocupacionales, psicomotricistas y trabajadores sociales.  <\/p>\n\n<\/div>\n\n<div class=\"gb-container gb-container-37ec3ff5 gb-container-rounded\"><\/div>\n<\/div><\/div>\n\n<div class=\"gb-grid-column gb-grid-column-d8583e94\"><div class=\"gb-container gb-container-d8583e94\">\n<div class=\"gb-container gb-container-3c2df44d gb-container-rounded\"><\/div>\n\n<div class=\"gb-container gb-container-ff00762a gb-container-rounded-color\">\n\n<h2 class=\"gb-headline gb-headline-7a2bc863 gb-headline-text gb-headline-big\">Formaci\u00f3n<\/h2>\n\n\n\n<p class=\"gb-headline gb-headline-08cb896a gb-headline-text gb-headline-medium\">La EDAI School, a trav\u00e9s de sus profesionales cl\u00ednicos y apreciados colaboradores internacionales, ofrece cursos especializados en neurodesarrollo y salud mental. Nuestros cursos ofrecen contenido innovador con el objetivo de promover pr\u00e1cticas basadas en la evidencia. Queremos ayudar a mejorar las habilidades de los profesionales en los sectores de la salud, social y educativo, as\u00ed como a los servicios cl\u00ednicos y a las familias. Nuestro \u00e9nfasis est\u00e1 en la innovaci\u00f3n y nuestra prioridad es hacer los recursos m\u00e1s accesibles tanto para las familias como para los profesionales.   <\/p>\n\n\n\n<p class=\"gb-headline gb-headline-da8b0192 gb-headline-text gb-headline-medium\">Fomentamos una cultura de intercambio de conocimientos con el objetivo de mejorar la calidad de la atenci\u00f3n en el \u00e1mbito del neurodesarrollo y la salud mental infantil y juvenil. Estamos comprometidos en ofrecer un contenido formativo de alta calidad que sea relevante y pr\u00e1ctico, dirigido a aquellos que se interesan en profundizar en su comprensi\u00f3n y habilidades en este campo tan crucial. <\/p>\n\n<\/div>\n<\/div><\/div>\n\n<div class=\"gb-grid-column gb-grid-column-4ce453dd\"><div class=\"gb-container gb-container-4ce453dd\">\n<div class=\"gb-container gb-container-91f48e07 gb-container-rounded-color\">\n\n<h2 class=\"gb-headline gb-headline-d0d17414 gb-headline-text gb-headline-big\">Investigaci\u00f3n e Innovaci\u00f3n<\/h2>\n\n\n\n<p class=\"gb-headline gb-headline-ea6bbf7e gb-headline-text gb-headline-medium\">En EDAI, la innovaci\u00f3n y la investigaci\u00f3n se sit\u00faan en el centro de nuestra actividad. Nuestra base operativa son los servicios cl\u00ednicos pero a la vez nos distingue nuestro impulso por crear un futuro m\u00e1s eficiente a trav\u00e9s de la innovaci\u00f3n pionera. Nuestro compromiso con el modelo basado en la evidencia refuerza nuestros servicios cl\u00ednicos, garantizando que sean actuales y efectivos. Para conseguirlo, asignamos recursos a diversos proyectos cient\u00edficos, integrados en nuestros servicios cl\u00ednicos, como el monitoreo rutinario de resultados (ROM) y otros estudios cl\u00ednicos de efectividad.   <\/p>\n\n\n\n<p class=\"gb-headline gb-headline-760f56c5 gb-headline-text gb-headline-medium\">Nuestro reconocimiento a nivel global se refleja en iniciativas como los EDAI R&amp;D Awards de la EDAI International Conference y nuestra presencia en congresos internacionales donde compartimos logros y conocimientos. De esta manera, aspiramos a una continua evoluci\u00f3n para mejorar nuestros servicios y contribuir de una manera significativa a nuestra \u00e1rea de experiencia: el Neurodesarrollo y la Salud Mental. <\/p>\n\n<\/div>\n\n<div class=\"gb-container gb-container-2ace7b17 gb-container-rounded\"><\/div>\n<\/div><\/div>\n<\/div>\n<\/div>\n<\/div><div class=\"gb-container gb-container-3564c090 gb-container-seccio\">\n<div class=\"gb-container gb-container-cd514bda gb-container-seccio-inner\">\n<div class=\"gb-container gb-container-a62b92d5 gb-container-tabs gb-tabs\" data-opened-tab=\"1\">\n<div class=\"gb-container gb-container-13f05c47 gb-container-tab-buttons gb-tabs__buttons\">\n\n<button class=\"gb-button gb-button-219e445e gb-button-text gb-button-tab-button gb-tabs__button gb-block-is-current\">Visi\u00f3n<\/button>\n\n\n\n<button class=\"gb-button gb-button-5baa2370 gb-button-text gb-button-tab-button gb-tabs__button\">Misi\u00f3n<\/button>\n\n\n\n<button class=\"gb-button gb-button-2b6adccc gb-button-text gb-button-tab-button gb-tabs__button\"><strong>Valores<\/strong><\/button>\n\n<\/div>\n\n<div class=\"gb-container gb-container-9f66f78b gb-container-tab-items gb-tabs__items\">\n<div class=\"gb-container gb-container-170c90f4 gb-container-tab-item gb-tabs__item gb-tabs__item-open\">\n\n<h2 class=\"gb-headline gb-headline-dc2ba186 gb-headline-text gb-headline-medium\">Estamos profundamente comprometidos con el bienestar social y el progreso; nuestra visi\u00f3n es apoyar a los m\u00e1s desfavorecidos, especialmente si son ni\u00f1os y j\u00f3venes, y contribuir a forjar una sociedad m\u00e1s reflexiva, consciente, \u00e9tica y empoderada. Aspiramos a ser agentes del cambio, impulsando la transformaci\u00f3n social de todos los actores dentro de nuestro contexto espec\u00edfico. <\/h2>\n\n<\/div>\n\n<div class=\"gb-container gb-container-e919b72a gb-container-tab-item gb-tabs__item\">\n\n<h2 class=\"gb-headline gb-headline-e5625464 gb-headline-text gb-headline-medium\">En EDAI, nuestra misi\u00f3n est\u00e1 profundamente arraigada en el compromiso con el bienestar social y el progreso. Nuestro objetivo es ayudar a los m\u00e1s desfavorecidos, visualizando una sociedad que sea m\u00e1s reflexiva, consciente, \u00e9tica y empoderada. Ofreciendo servicios cl\u00ednicos especializados en Neurodesarrollo y Salud Mental para ni\u00f1os, adolescentes y familias, estamos dedicados a asegurar que todos reciban el cuidado que merecen. Adem\u00e1s, a trav\u00e9s de la EDAI School, buscamos formar a los profesionales en los sectores de la salud, social y educativo con cursos y conocimientos innovadores, asegur\u00e1ndonos de que est\u00e9n preparados para brindar la mejor atenci\u00f3n y apoyo. Al acortar la brecha entre el cuidado, la educaci\u00f3n y las necesidades sociales, nos posicionamos como agentes l\u00edderes de cambio y transformaci\u00f3n en nuestro \u00e1mbito, fomentando una combinaci\u00f3n de pr\u00e1ctica cl\u00ednica experta, capacitaci\u00f3n avanzada e investigaci\u00f3n con un enfoque en la difusi\u00f3n del conocimiento global e innovaci\u00f3n digital.    <\/h2>\n\n<\/div>\n\n<div class=\"gb-container gb-container-84dac170 gb-container-tab-item gb-tabs__item\">\n\n<h2 class=\"gb-headline gb-headline-ae146345 gb-headline-text gb-headline-medium\">Desarrollo; \u00e9tica; innovaci\u00f3n; bienestar social; derechos de los ni\u00f1os; apoyo comunitario; calidad y excelencia; meritocracia; modernidad; integraci\u00f3n de culturas; experiencia profesional; artes y dise\u00f1o para transformar la sociedad; apoyo a los m\u00e1s necesitados; inteligencia emocional; respeto y empat\u00eda; sostenibilidad y responsabilidad social corporativa; bienestar de los animales; naturaleza; igualdad de g\u00e9nero; evoluci\u00f3n y cambio.<\/h2>\n\n<\/div>\n<\/div>\n<\/div>\n<\/div>\n<\/div>","protected":false},"excerpt":{"rendered":"<p>Qu\u00e9 ofrecemos Estamos profundamente comprometidos con el bienestar social y el progreso; nuestra visi\u00f3n es apoyar a los m\u00e1s desfavorecidos, especialmente si son ni\u00f1os y j\u00f3venes, y contribuir a forjar una sociedad m\u00e1s reflexiva, consciente, \u00e9tica y empoderada. Aspiramos a ser agentes del cambio, impulsando la transformaci\u00f3n social de todos los actores dentro de nuestro &#8230; <a title=\"Sobre nosotros\" class=\"read-more\" href=\"https:\/\/edai.eu\/es\/sobre-nosotros\/\" aria-label=\"Leer m\u00e1s sobre Sobre nosotros\">Leer m\u00e1s<\/a><\/p>\n","protected":false},"author":1,"featured_media":0,"parent":0,"menu_order":0,"comment_status":"closed","ping_status":"closed","template":"","meta":{"_acf_changed":false,"CBBTypography":[],"productId":0,"courseId":0,"footnotes":""},"class_list":["post-3374","page","type-page","status-publish"],"acf":[],"_links":{"self":[{"href":"https:\/\/edai.eu\/es\/wp-json\/wp\/v2\/pages\/3374","targetHints":{"allow":["GET"]}}],"collection":[{"href":"https:\/\/edai.eu\/es\/wp-json\/wp\/v2\/pages"}],"about":[{"href":"https:\/\/edai.eu\/es\/wp-json\/wp\/v2\/types\/page"}],"author":[{"embeddable":true,"href":"https:\/\/edai.eu\/es\/wp-json\/wp\/v2\/users\/1"}],"replies":[{"embeddable":true,"href":"https:\/\/edai.eu\/es\/wp-json\/wp\/v2\/comments?post=3374"}],"version-history":[{"count":5,"href":"https:\/\/edai.eu\/es\/wp-json\/wp\/v2\/pages\/3374\/revisions"}],"predecessor-version":[{"id":5705,"href":"https:\/\/edai.eu\/es\/wp-json\/wp\/v2\/pages\/3374\/revisions\/5705"}],"wp:attachment":[{"href":"https:\/\/edai.eu\/es\/wp-json\/wp\/v2\/media?parent=3374"}],"curies":[{"name":"wp","href":"https:\/\/api.w.org\/{rel}","templated":true}]}}