

{"id":4507,"date":"2022-10-18T09:49:34","date_gmt":"2022-10-18T07:49:34","guid":{"rendered":"https:\/\/edai.eu\/tcs\/"},"modified":"2025-03-31T18:04:38","modified_gmt":"2025-03-31T16:04:38","slug":"tcs","status":"publish","type":"page","link":"https:\/\/edai.eu\/es\/tcs\/","title":{"rendered":"T&amp;Cs"},"content":{"rendered":"<div class=\"gb-container gb-container-12db848a gb-container-seccio\">\n<div class=\"gb-container gb-container-cf7e6e44 gb-container-seccio-inner\">\n<div class=\"gb-grid-wrapper gb-grid-wrapper-3be093f8\">\n<div class=\"gb-grid-column gb-grid-column-cce5f93e\"><div class=\"gb-container gb-container-cce5f93e\">\n\n<a class=\"gb-button gb-button-2db9bb11 gb-button-text gb-button-outline-small\" href=\"\/\">Inicio<\/a>\n\n\n\n<p class=\"gb-headline gb-headline-ebcffe72 gb-headline-text gb-headline-normal-plus\">Copyright<\/p>\n\n\n\n<p class=\"gb-headline gb-headline-dd189c66 gb-headline-text gb-headline-normal-plus\">All rights reserved \u00a9 2025<\/p>\n\n<\/div><\/div>\n\n<div class=\"gb-grid-column gb-grid-column-8d6a77e4\"><div class=\"gb-container gb-container-8d6a77e4\">\n\n<h2 class=\"gb-headline gb-headline-c51e1e96 gb-headline-text gb-headline-normal-plus\">T\u00c9RMINOS Y CONDICIONES DE COMPRA<\/h2>\n\n\n\n<h3 class=\"gb-headline gb-headline-917aaa2a gb-headline-text gb-headline-normal-plus\"><strong>Importante<\/strong><\/h3>\n\n\n\n<p>La EDAI School of Neurodevelopment and Mental Health se reserva el derecho de modificar la programaci\u00f3n de cursos y congresos, incluyendo el cambio de ponentes, por causas ajenas a la organizaci\u00f3n. Estos cambios no dar\u00e1n derecho a reclamaciones o reembolsos, y la organizaci\u00f3n garantizar\u00e1 el mantenimiento de la calidad de la formaci\u00f3n. <\/p>\n\n\n\n<h5 class=\"wp-block-heading\">1. ACEPTACI\u00d3N DE LOS T\u00c9RMINOS Y CONDICIONES<\/h5>\n\n\n<div class=\"gb-container gb-container-dc500a1c\">\n\n<p>1.1. Al realizar una compra a trav\u00e9s de nuestro sitio web, usted acepta quedar sujeto a estos T\u00e9rminos y Condiciones de Compra.<br\/>1.2. Le recomendamos leer atentamente estos t\u00e9rminos antes de realizar una compra. Si no est\u00e1 de acuerdo con alguno de ellos, le pedimos que no contin\u00fae con el proceso de compra.   <\/p>\n\n<\/div>\n\n\n<h5 class=\"wp-block-heading\">2. REGISTRO Y CUENTA<\/h5>\n\n\n\n<p>2.1. Para inscribirse en nuestros cursos y congresos, es necesario completar el proceso de registro en nuestro sitio web.<br\/>2.2. Usted se compromete a proporcionar informaci\u00f3n precisa, actual y completa durante el registro y a mantenerla actualizada.<br\/>2.3. Es responsabilidad del usuario mantener la confidencialidad de sus credenciales de acceso. La EDAI School of Neurodevelopment and Mental Health no se hace responsable del uso no autorizado de su cuenta.    <\/p>\n\n\n\n<h5 class=\"wp-block-heading\">3. COMPRA Y PAGO<\/h5>\n\n\n\n<p>3.1. Los cursos y congresos ofrecidos por la EDAI School of Neurodevelopment and Mental Health est\u00e1n disponibles para su compra a trav\u00e9s de nuestro sitio web.<br\/>3.2. El pago debe realizarse en su totalidad en el momento de la compra.<br\/>3.3. Se aceptan los siguientes m\u00e9todos de pago: tarjeta bancaria (o transferencia para empresas. Contacte con <a>conference@edai.eu<\/a>).<br\/>conference@edai.eu).<br\/>3.4. Todos los precios est\u00e1n expresados en euros (\u20ac) e incluyen los impuestos aplicables, salvo que se indique lo contrario.<br\/>3.5. Se emitir\u00e1 una factura tras la confirmaci\u00f3n del pago. Para solicitarla, contacte con <a>training@edai.eu<\/a> (para cursos) o <a>conference@edai.eu<\/a> (para congresos).<br\/>3.6. Los precios est\u00e1n sujetos a cambio sin previo aviso.        <\/p>\n\n\n\n<h5 class=\"wp-block-heading\">4. REALIZACI\u00d3N DE CURSOS Y CONGRESOS<\/h5>\n\n\n\n<p>4.1. Tras una compra exitosa, recibir\u00e1 una confirmaci\u00f3n y los detalles sobre c\u00f3mo acceder a los materiales del curso en l\u00ednea o asistir al congreso.<br\/>4.2. Los cursos y congresos presenciales incluir\u00e1n informaci\u00f3n sobre la ubicaci\u00f3n, el horario y requisitos adicionales.<br\/>4.3. El acceso a los cursos en l\u00ednea estar\u00e1 disponible durante cuatro meses, salvo que se indique lo contrario.<br\/>4.4. El acceso a los cursos y congresos es personal e intransferible.    <\/p>\n\n\n\n<h5 class=\"wp-block-heading\">5. POL\u00cdTICA DE REEMBOLSO Y CANCELACIONES<\/h5>\n\n\n\n<p>5.1. No se realizar\u00e1n reembolsos por la compra de cursos.<br\/>5.2. No se realizar\u00e1n reembolsos en caso de cancelaci\u00f3n por parte del asistente a un congreso.<br\/>5.3. En caso de cancelaci\u00f3n por parte de la EDAI School of Neurodevelopment and Mental Health, se ofrecer\u00e1 la posibilidad de reprogramaci\u00f3n o reembolso.   <\/p>\n\n\n\n<h5 class=\"wp-block-heading\">6. PROPIEDAD INTELECTUAL Y RESTRICCIONES DE CAPTURA<\/h5>\n\n\n\n<p>6.1. Todos los materiales de los cursos y congresos son propiedad intelectual de la EDAI School of Neurodevelopment and Mental Health.<br\/>6.2. No se pueden reproducir, distribuir ni compartir sin autorizaci\u00f3n expresa.<br\/>6.3. Est\u00e1 totalmente prohibido grabar, fotografiar o capturar el contenido sin autorizaci\u00f3n previa.   <\/p>\n\n\n\n<h5 class=\"wp-block-heading\">7. POL\u00cdTICA DE PRIVACIDAD<\/h5>\n\n\n\n<p>7.1. La informaci\u00f3n personal se gestionar\u00e1 de acuerdo con nuestra Pol\u00edtica de Privacidad. <\/p>\n\n\n\n<h5 class=\"wp-block-heading\">8. CONTACTA<\/h5>\n\n\n\n<p>8.1. <a>training@edai.eu<\/a> (para cursos) o <a>conference@edai.eu<\/a> (para congresos). <\/p>\n\n\n\n<h5 class=\"wp-block-heading\">9. MODIFICACIONES <\/h5>\n\n\n\n<p>9.1. La EDAI School se reserva el derecho de modificar estos T\u00e9rminos y Condiciones en cualquier momento. Los cambios ser\u00e1n efectivos al publicarse en nuestra p\u00e1gina web.  <\/p>\n\n\n\n<p>Al realizar una compra, el usuario reconoce que ha le\u00eddo, entendido y aceptado estos T\u00e9rminos y Condiciones de Compra.<\/p>\n\n\n\n<p><strong>EDAI School of Neurodevelopment and Mental Health<\/strong><br\/><a href=\"https:\/\/edai.eu\">www.edai.eu<\/a><\/p>\n\n\n\n<h1 class=\"gb-headline gb-headline-2a66e6aa gb-headline-text gb-headline-normal-plus\">POL\u00cdTICA DE PRIVACIDAD<\/h1>\n\n\n\n<h3 class=\"gb-headline gb-headline-de702d64 gb-headline-text gb-headline-normal-plus\">1. Introducci\u00f3n<\/h3>\n\n\n\n<p>Estos t\u00e9rminos y condiciones (\u00abT\u00e9rminos\u00bb) rigen el uso del sitio web de EDAI (\u00abla p\u00e1gina\u00bb). Al acceder al sitio, usted acepta estos t\u00e9rminos en su totalidad. Si no est\u00e1 de acuerdo, debe dejar de navegar por la p\u00e1gina web.<\/p>\n\n\n\n<h3 class=\"gb-headline gb-headline-0877e20f gb-headline-text gb-headline-normal-plus\">2. Derechos de Propiedad Intelectual<\/h3>\n\n\n\n<p>Salvo que se indique lo contrario, EDAI y\/o sus licenciantes son los titulares de los derechos de propiedad intelectual publicados en la p\u00e1gina. Todos estos derechos de propiedad intelectual est\u00e1n reservados.<\/p>\n\n\n\n<h3 class=\"gb-headline gb-headline-79f31d1a gb-headline-text gb-headline-normal-plus\">3. Uso de la p\u00e1gina web<\/h3>\n\n\n\n<ul class=\"wp-block-list\">\n<li>Puede visualizar contenidos de la p\u00e1gina web para uso personal, sujeto a las restricciones establecidas en estos T\u00e9rminos.<\/li>\n\n\n\n<li>No puede descargar, volver a publicar, vender, alquilar, sublicenciar o explotar el contenido de la p\u00e1gina web con fines comerciales.<\/li>\n\n\n\n<li>No puede editar ni modificar ning\u00fan contenido de la p\u00e1gina web.<\/li>\n<\/ul>\n\n\n\n<h3 class=\"gb-headline gb-headline-cd131a33 gb-headline-text gb-headline-normal-plus\">4. Limitaci\u00f3n de Responsabilidad<\/h3>\n\n\n\n<p>El contenido de la p\u00e1gina web se proporciona \u00fanicamente con fines informativos generales. No constituye ning\u00fan tipo de asesoramiento en el que pueda confiar. EDAI no ofrece ninguna garant\u00eda, expresa o impl\u00edcita, sobre la precisi\u00f3n, integridad o actualizaci\u00f3n del contenido de la p\u00e1gina web.<\/p>\n\n\n\n<h3 class=\"gb-headline gb-headline-1ef550f8 gb-headline-text gb-headline-normal-plus\">5. Enlaces a terceros<\/h3>\n\n\n\n<p>La p\u00e1gina web puede contener enlaces a sitios web de terceros. Estos enlaces se proporcionan \u00fanicamente con fines informativos. EDAI no se hace responsable del contenido ni de las pr\u00e1cticas de estos sitios web.<\/p>\n\n\n\n<h3 class=\"gb-headline gb-headline-75b97911 gb-headline-text gb-headline-normal-plus\">6. Modificaciones<\/h3>\n\n\n\n<p>EDAI se reserva el derecho de modificar estos T\u00e9rminos en cualquier momento. Los T\u00e9rminos revisados se aplicar\u00e1n al uso de la p\u00e1gina web desde la fecha de su publicaci\u00f3n.<\/p>\n\n\n\n<h3 class=\"gb-headline gb-headline-fac8cd71 gb-headline-text gb-headline-normal-plus\">7. Ley y Jurisdicci\u00f3n<\/h3>\n\n\n\n<p>Estos T\u00e9rminos y Condiciones se regir\u00e1n e interpretar\u00e1n de acuerdo con la legislaci\u00f3n espa\u00f1ola, y cualquier disputa relacionada con estos t\u00e9rminos estar\u00e1 sujeta a la jurisdicci\u00f3n exclusiva de los tribunales de Barcelona\/Madrid.<\/p>\n\n\n\n<h3 class=\"gb-headline gb-headline-c70dcc85 gb-headline-text gb-headline-normal-plus\">8. Informaci\u00f3n de contacto<\/h3>\n\n\n\n<p>Para cualquier consulta sobre estos T\u00e9rminos, puede <a href=\"https:\/\/edai.eu\/es\/contact\/\" data-type=\"page\" data-id=\"1036\">contactarnos.<\/a><\/p>\n\n\n\n<p><\/p>\n\n<\/div><\/div>\n<\/div>\n<\/div>\n<\/div>","protected":false},"excerpt":{"rendered":"","protected":false},"author":1,"featured_media":0,"parent":0,"menu_order":0,"comment_status":"closed","ping_status":"closed","template":"","meta":{"_acf_changed":false,"CBBTypography":[],"productId":0,"courseId":0,"footnotes":""},"class_list":["post-4507","page","type-page","status-publish"],"acf":[],"_links":{"self":[{"href":"https:\/\/edai.eu\/es\/wp-json\/wp\/v2\/pages\/4507","targetHints":{"allow":["GET"]}}],"collection":[{"href":"https:\/\/edai.eu\/es\/wp-json\/wp\/v2\/pages"}],"about":[{"href":"https:\/\/edai.eu\/es\/wp-json\/wp\/v2\/types\/page"}],"author":[{"embeddable":true,"href":"https:\/\/edai.eu\/es\/wp-json\/wp\/v2\/users\/1"}],"replies":[{"embeddable":true,"href":"https:\/\/edai.eu\/es\/wp-json\/wp\/v2\/comments?post=4507"}],"version-history":[{"count":14,"href":"https:\/\/edai.eu\/es\/wp-json\/wp\/v2\/pages\/4507\/revisions"}],"predecessor-version":[{"id":6016,"href":"https:\/\/edai.eu\/es\/wp-json\/wp\/v2\/pages\/4507\/revisions\/6016"}],"wp:attachment":[{"href":"https:\/\/edai.eu\/es\/wp-json\/wp\/v2\/media?parent=4507"}],"curies":[{"name":"wp","href":"https:\/\/api.w.org\/{rel}","templated":true}]}}