

{"id":6636,"date":"2023-06-29T09:47:44","date_gmt":"2023-06-29T07:47:44","guid":{"rendered":"https:\/\/edai.eu\/enroll-students-new\/"},"modified":"2026-01-26T19:13:25","modified_gmt":"2026-01-26T17:13:25","slug":"escuela","status":"publish","type":"page","link":"https:\/\/edai.eu\/es\/escuela\/","title":{"rendered":"Escuela"},"content":{"rendered":"<div class=\"gb-container gb-container-d2c31f0f alignfull gb-container-seccio\">\n<div class=\"gb-container gb-container-430c1e1e gb-container-seccio-inner\">\n<div class=\"gb-container gb-container-97172578 gb-container-full-video-img\">\n\n<figure class=\"wp-block-video\"><video height=\"320\" style=\"aspect-ratio: 568 \/ 320;\" width=\"568\" autoplay loop muted src=\"https:\/\/edai.eu\/wp-content\/uploads\/2023\/11\/EDAI-School.mp4\" playsinline><\/video><\/figure>\n\n<\/div>\n<\/div>\n<\/div>\n\n<div class=\"gb-container gb-container-e5217de9 gb-container-seccio\">\n<div class=\"gb-container gb-container-56f58cc7 gb-container-seccio-inner\">\n<div class=\"gb-grid-wrapper gb-grid-wrapper-b6740f19\">\n<div class=\"gb-grid-column gb-grid-column-50a6118a\"><div class=\"gb-container gb-container-50a6118a\">\n\n<h2 class=\"gb-headline gb-headline-9c3279f7 gb-headline-text gb-headline-big\">Learn Smart<\/h2>\n\n<\/div><\/div>\n\n<div class=\"gb-grid-column gb-grid-column-875b9949\"><div class=\"gb-container gb-container-875b9949\">\n\n<p class=\"gb-headline gb-headline-723f7ab7 gb-headline-text gb-headline-big\">Sum\u00e9rgete en la EDAI School of Neurodevelopment and Mental Health, donde la innovaci\u00f3n se encuentra con el conocimiento pr\u00e1ctico. Tomando como base el modelo EDAI, te ofrecemos experiencias de formaci\u00f3n pioneras, conectando ideas de vanguardia con la experiencia del mundo real. Aprende de los mejores cl\u00ednicos e investigadores para convertirte en un profesional excelente y destacar en un mundo de aprendizaje gen\u00e9rico.  <\/p>\n\n<\/div><\/div>\n<\/div>\n<\/div>\n<\/div>\n\n<div class=\"gb-container gb-container-df3df3af gb-container-seccio\">\n<div class=\"gb-container gb-container-5b40ea09 gb-container-seccio-inner\">\n\n<a class=\"gb-button gb-button-84f8654f gb-button-text gb-button-outline-small\" href=\"https:\/\/edai.eu\/es\/eb-cursos\/\">Ver todos los cursos<\/a>\n\n\n<div class=\"gb-container gb-container-7db2364d slider__container\">\n<div class=\"gb-container gb-container-5225f1f2 slider__items\">\n<div class=\"gb-container gb-container-c54f7edc slider__item\">\n<div class=\"gb-container gb-container-ddee16a0\">\n<div class=\"gb-container gb-container-a8abcdd5 gb-container-rounded-color\">\n<figure class=\"gb-block-image gb-block-image-f74f556a\"><a href=\"https:\/\/edai.eu\/course\/4th-edai-international-conference-2025\/\"><img loading=\"lazy\" decoding=\"async\" width=\"1000\" height=\"800\" src=\"https:\/\/edai.eu\/wp-content\/uploads\/2023\/09\/Untitled-design2-e1727857651950.jpg\" class=\"gb-image-f74f556a  gb-image-rounded\" alt=\"\" \/><\/a><\/figure>\n\n<h3 class=\"gb-headline gb-headline-7ac0007b gb-headline-text gb-headline-normal\">4th EDAI International Conference 2025 (Finished)<\/h3>\n<\/div>\n<\/div>\n<\/div>\n\n<div class=\"gb-container gb-container-de02fcae slider__item\">\n<div class=\"gb-container gb-container-77015145 gb-container-rounded-color\">\n<figure class=\"gb-block-image gb-block-image-cb2833a1\"><a href=\"https:\/\/edai.eu\/course\/biological-genetic-and-environmental-risk-indicators-in-neurodevelopment-and-child-mental-health\/\"><img loading=\"lazy\" decoding=\"async\" width=\"1080\" height=\"1080\" src=\"https:\/\/edai.eu\/wp-content\/uploads\/2025\/10\/Cursos-EDAI-School-202510.jpg\" class=\"gb-image-cb2833a1  gb-image-rounded\" alt=\"\" srcset=\"https:\/\/edai.eu\/wp-content\/uploads\/2025\/10\/Cursos-EDAI-School-202510.jpg 1080w, https:\/\/edai.eu\/wp-content\/uploads\/2025\/10\/Cursos-EDAI-School-202510-800x800.jpg 800w, https:\/\/edai.eu\/wp-content\/uploads\/2025\/10\/Cursos-EDAI-School-202510-300x300.jpg 300w, https:\/\/edai.eu\/wp-content\/uploads\/2025\/10\/Cursos-EDAI-School-202510-768x768.jpg 768w, https:\/\/edai.eu\/wp-content\/uploads\/2025\/10\/Cursos-EDAI-School-202510-600x600.jpg 600w, https:\/\/edai.eu\/wp-content\/uploads\/2025\/10\/Cursos-EDAI-School-202510-100x100.jpg 100w\" sizes=\"auto, (max-width: 1080px) 100vw, 1080px\" \/><\/a><\/figure>\n\n<div class=\"gb-container gb-container-a9c54a73\">\n<h3 class=\"gb-headline gb-headline-8a003082 gb-headline-text gb-headline-normal\">Biological, Genetic, and Environmental Risk Indicators in Neurodevelopment and Child Mental Health<\/h3>\n<\/div>\n<\/div>\n<\/div>\n\n<div class=\"gb-container gb-container-e6f1748f slider__item\">\n<div class=\"gb-container gb-container-72009b51 gb-container-rounded-color\">\n<figure class=\"gb-block-image gb-block-image-8cac2ef8\"><a href=\"https:\/\/edai.eu\/course\/brain-plasticity-and-early-detection-key-elements-for-effective-intervention-in-autism\/\"><img loading=\"lazy\" decoding=\"async\" width=\"1080\" height=\"1080\" src=\"https:\/\/edai.eu\/wp-content\/uploads\/2025\/07\/Cursos-EDAI-School-20258.jpg\" class=\"gb-image-8cac2ef8  gb-image-rounded\" alt=\"\" srcset=\"https:\/\/edai.eu\/wp-content\/uploads\/2025\/07\/Cursos-EDAI-School-20258.jpg 1080w, https:\/\/edai.eu\/wp-content\/uploads\/2025\/07\/Cursos-EDAI-School-20258-800x800.jpg 800w, https:\/\/edai.eu\/wp-content\/uploads\/2025\/07\/Cursos-EDAI-School-20258-300x300.jpg 300w, https:\/\/edai.eu\/wp-content\/uploads\/2025\/07\/Cursos-EDAI-School-20258-768x768.jpg 768w, https:\/\/edai.eu\/wp-content\/uploads\/2025\/07\/Cursos-EDAI-School-20258-600x600.jpg 600w, https:\/\/edai.eu\/wp-content\/uploads\/2025\/07\/Cursos-EDAI-School-20258-100x100.jpg 100w\" sizes=\"auto, (max-width: 1080px) 100vw, 1080px\" \/><\/a><\/figure>\n\n<h3 class=\"gb-headline gb-headline-760e75da gb-headline-text gb-headline-normal\">Brain Plasticity and Early Detection: Key Elements for Effective Intervention in Autism<\/h3>\n<\/div>\n<\/div>\n\n<div class=\"gb-container gb-container-293eb6ed slider__item\">\n<div class=\"gb-container gb-container-ee6d6ae5 gb-container-rounded-color\">\n<figure class=\"gb-block-image gb-block-image-9413f0bf\"><a href=\"https:\/\/edai.eu\/course\/transforming-clinical-insights-through-rom\/\"><img loading=\"lazy\" decoding=\"async\" width=\"1200\" height=\"800\" src=\"https:\/\/edai.eu\/wp-content\/uploads\/2024\/01\/52080012205_fc527d8f4c_k-2000x1334.jpg\" class=\"gb-image-9413f0bf  gb-image-rounded\" alt=\"\" srcset=\"https:\/\/edai.eu\/wp-content\/uploads\/2024\/01\/52080012205_fc527d8f4c_k-2000x1334.jpg 2000w, https:\/\/edai.eu\/wp-content\/uploads\/2024\/01\/52080012205_fc527d8f4c_k-800x533.jpg 800w, https:\/\/edai.eu\/wp-content\/uploads\/2024\/01\/52080012205_fc527d8f4c_k-768x512.jpg 768w, https:\/\/edai.eu\/wp-content\/uploads\/2024\/01\/52080012205_fc527d8f4c_k-1536x1024.jpg 1536w, https:\/\/edai.eu\/wp-content\/uploads\/2024\/01\/52080012205_fc527d8f4c_k-600x400.jpg 600w, https:\/\/edai.eu\/wp-content\/uploads\/2024\/01\/52080012205_fc527d8f4c_k.jpg 2047w\" sizes=\"auto, (max-width: 1200px) 100vw, 1200px\" \/><\/a><\/figure>\n\n<h3 class=\"gb-headline gb-headline-5d483be7 gb-headline-text gb-headline-normal\">Transforming Clinical Insights in Mental Health and Neurodevelopment through the ROM Model<\/h3>\n<\/div>\n<\/div>\n\n<div class=\"gb-container gb-container-\"><\/div>\n<\/div>\n<\/div>\n<\/div>\n<\/div>\n\n<div class=\"gb-container gb-container-07a594e0 alignfull gb-container-seccio\">\n<div class=\"gb-container gb-container-472047dd gb-container-seccio-inner\">\n<div class=\"gb-container gb-container-0af16425 gb-container-full-video-img\">\n<div class=\"gb-container gb-container-121351e7\">\n<div class=\"gb-container gb-container-9d589135\">\n\n<h2 class=\"gb-headline gb-headline-199ebc7d gb-headline-text gb-headline-bigest\"><strong>EDAI International Conference<\/strong><\/h2>\n\n\n<div class=\"gb-container gb-container-06db87e9\">\n<a class=\"gb-button gb-button-039158c0 gb-button-text gb-button-outline-small\" href=\"https:\/\/edai.eu\/course\/4th-edai-international-conference-2025\/\">M\u00e1s informaci\u00f3n<\/a>\n\n\n<a class=\"gb-button gb-button-6d05d80f gb-button-text gb-button-outline-small\" href=\"https:\/\/edai.eu\/es\/tienda\/\">Inscripci\u00f3n<\/a>\n\n<\/div>\n<\/div>\n<\/div>\n\n\n<figure class=\"wp-block-video\"><video height=\"1080\" style=\"aspect-ratio: 1920 \/ 1080;\" width=\"1920\" autoplay loop muted src=\"https:\/\/edai.eu\/wp-content\/uploads\/2024\/10\/Simple-Typography-Annual-Tech-Launch-Event-Instagram-Story-Video4.mp4\" playsinline><\/video><\/figure>\n\n<\/div>\n<\/div>\n<\/div>\n\n<div class=\"gb-container gb-container-246d5be6 gb-container-seccio\">\n<div class=\"gb-container gb-container-02fc3e1a gb-container-seccio-inner\">\n\n<h2 class=\"gb-headline gb-headline-c613f1c6 gb-headline-text gb-headline-normal\">Facts<\/h2>\n\n\n<div class=\"gb-grid-wrapper gb-grid-wrapper-f9f55d40\">\n<div class=\"gb-grid-column gb-grid-column-7fb850cd gb-grid-column-rounded-color\"><div class=\"gb-container gb-container-7fb850cd gb-container-rounded-color\">\n\n<h2 class=\"gb-headline gb-headline-a0e37760 gb-headline-text gb-headline-giant\">1,200<\/h2>\n\n\n\n<h2 class=\"gb-headline gb-headline-f42425ec gb-headline-text gb-headline-big\">profesionales<\/h2>\n\n\n\n<h2 class=\"gb-headline gb-headline-3e40e0cf gb-headline-text gb-headline-normal\">de la Salud Mental se han formado en EDAI.<\/h2>\n\n<\/div><\/div>\n\n<div class=\"gb-grid-column gb-grid-column-415800b9 gb-grid-column-rounded-color\"><div class=\"gb-container gb-container-415800b9 gb-container-rounded-color\">\n\n<h2 class=\"gb-headline gb-headline-9dbbd25e gb-headline-text gb-headline-giant\">4<\/h2>\n\n\n\n<h2 class=\"gb-headline gb-headline-a47e138c gb-headline-text gb-headline-big\">ediciones<\/h2>\n\n\n\n<h2 class=\"gb-headline gb-headline-50899103 gb-headline-text gb-headline-normal\">de la EDAI International Conference en Salud Mental y Neurodesarrollo.<\/h2>\n\n<\/div><\/div>\n\n<div class=\"gb-grid-column gb-grid-column-2d4266da gb-grid-column-rounded-color\"><div class=\"gb-container gb-container-2d4266da gb-container-rounded-color\">\n\n<h2 class=\"gb-headline gb-headline-a30ffce0 gb-headline-text gb-headline-giant\">4.9<\/h2>\n\n\n\n<h2 class=\"gb-headline gb-headline-d2e88d1c gb-headline-text gb-headline-big\">de satisfacci\u00f3n<\/h2>\n\n\n\n<h2 class=\"gb-headline gb-headline-b6505574 gb-headline-text gb-headline-normal\">de nuestros estudiantes.<\/h2>\n\n<\/div><\/div>\n\n<div class=\"gb-grid-column gb-grid-column-3da73c0c gb-grid-column-rounded-color\"><div class=\"gb-container gb-container-3da73c0c gb-container-rounded-color\">\n\n<h2 class=\"gb-headline gb-headline-773d1bd3 gb-headline-text gb-headline-giant\">150<\/h2>\n\n\n\n<h2 class=\"gb-headline gb-headline-568f57bf gb-headline-text gb-headline-big\">docentes<\/h2>\n\n\n\n<h2 class=\"gb-headline gb-headline-fcef0e3d gb-headline-text gb-headline-normal\">nacionales e internacionales colaboradores.<\/h2>\n\n<\/div><\/div>\n<\/div>\n<\/div>\n<\/div>\n\n<div class=\"gb-container gb-container-6226ddfe gb-container-seccio\">\n<div class=\"gb-container gb-container-ca2a3395 gb-container-seccio-inner\">\n\n<h2 class=\"gb-headline gb-headline-00a76fca gb-headline-text gb-headline-normal\">Rese\u00f1as<\/h2>\n\n\n<div class=\"gb-container gb-container-6d772b7e gb-container-rounded-color\">\n<div class=\"gb-grid-wrapper gb-grid-wrapper-2fda6fd7\">\n<div class=\"gb-grid-column gb-grid-column-0a5c97db\"><div class=\"gb-container gb-container-0a5c97db\">\n<div class=\"gb-container gb-container-67dd39e7\">\n<div class=\"gb-container gb-container-933cf9d1\">\n\n<div class=\"gb-headline gb-headline-19e024dd\"><span class=\"gb-icon\"><svg xmlns=\"http:\/\/www.w3.org\/2000\/svg\" aria-hidden=\"true\" role=\"img\" height=\"1em\" width=\"1em\" viewBox=\"0 0 576 512\"><path fill=\"currentColor\" d=\"M259.3 17.8L194 150.2 47.9 171.5c-26.2 3.8-36.7 36.1-17.7 54.6l105.7 103-25 145.5c-4.5 26.3 23.2 46 46.4 33.7L288 439.6l130.7 68.7c23.2 12.2 50.9-7.4 46.4-33.7l-25-145.5 105.7-103c19-18.5 8.5-50.8-17.7-54.6L382 150.2 316.7 17.8c-11.7-23.6-45.6-23.9-57.4 0z\"><\/path><\/svg><\/span><\/div>\n\n\n\n<div class=\"gb-headline gb-headline-f55b838b\"><span class=\"gb-icon\"><svg xmlns=\"http:\/\/www.w3.org\/2000\/svg\" aria-hidden=\"true\" role=\"img\" height=\"1em\" width=\"1em\" viewBox=\"0 0 576 512\"><path fill=\"currentColor\" d=\"M259.3 17.8L194 150.2 47.9 171.5c-26.2 3.8-36.7 36.1-17.7 54.6l105.7 103-25 145.5c-4.5 26.3 23.2 46 46.4 33.7L288 439.6l130.7 68.7c23.2 12.2 50.9-7.4 46.4-33.7l-25-145.5 105.7-103c19-18.5 8.5-50.8-17.7-54.6L382 150.2 316.7 17.8c-11.7-23.6-45.6-23.9-57.4 0z\"><\/path><\/svg><\/span><\/div>\n\n\n\n<div class=\"gb-headline gb-headline-b0d13df8\"><span class=\"gb-icon\"><svg xmlns=\"http:\/\/www.w3.org\/2000\/svg\" aria-hidden=\"true\" role=\"img\" height=\"1em\" width=\"1em\" viewBox=\"0 0 576 512\"><path fill=\"currentColor\" d=\"M259.3 17.8L194 150.2 47.9 171.5c-26.2 3.8-36.7 36.1-17.7 54.6l105.7 103-25 145.5c-4.5 26.3 23.2 46 46.4 33.7L288 439.6l130.7 68.7c23.2 12.2 50.9-7.4 46.4-33.7l-25-145.5 105.7-103c19-18.5 8.5-50.8-17.7-54.6L382 150.2 316.7 17.8c-11.7-23.6-45.6-23.9-57.4 0z\"><\/path><\/svg><\/span><\/div>\n\n\n\n<div class=\"gb-headline gb-headline-4d3f8efc\"><span class=\"gb-icon\"><svg xmlns=\"http:\/\/www.w3.org\/2000\/svg\" aria-hidden=\"true\" role=\"img\" height=\"1em\" width=\"1em\" viewBox=\"0 0 576 512\"><path fill=\"currentColor\" d=\"M259.3 17.8L194 150.2 47.9 171.5c-26.2 3.8-36.7 36.1-17.7 54.6l105.7 103-25 145.5c-4.5 26.3 23.2 46 46.4 33.7L288 439.6l130.7 68.7c23.2 12.2 50.9-7.4 46.4-33.7l-25-145.5 105.7-103c19-18.5 8.5-50.8-17.7-54.6L382 150.2 316.7 17.8c-11.7-23.6-45.6-23.9-57.4 0z\"><\/path><\/svg><\/span><\/div>\n\n\n\n<div class=\"gb-headline gb-headline-fca63e7d\"><span class=\"gb-icon\"><svg xmlns=\"http:\/\/www.w3.org\/2000\/svg\" aria-hidden=\"true\" role=\"img\" height=\"1em\" width=\"1em\" viewBox=\"0 0 576 512\"><path fill=\"currentColor\" d=\"M259.3 17.8L194 150.2 47.9 171.5c-26.2 3.8-36.7 36.1-17.7 54.6l105.7 103-25 145.5c-4.5 26.3 23.2 46 46.4 33.7L288 439.6l130.7 68.7c23.2 12.2 50.9-7.4 46.4-33.7l-25-145.5 105.7-103c19-18.5 8.5-50.8-17.7-54.6L382 150.2 316.7 17.8c-11.7-23.6-45.6-23.9-57.4 0z\"><\/path><\/svg><\/span><\/div>\n\n<\/div>\n\n\n<p class=\"gb-headline gb-headline-8fd29304 gb-headline-text gb-headline-normal-plus\">Los cursos de EDAI fusionan pr\u00e1cticas de vanguardia con aplicaciones pr\u00e1cticas, estableciendo un nuevo est\u00e1ndar de excelencia educativa en salud mental y neurodesarrollo.<\/p>\n\n\n\n<p class=\"gb-headline gb-headline-eecc574d gb-headline-text gb-headline-small\">Berta Garcia<\/p>\n\n<\/div>\n<\/div><\/div>\n\n<div class=\"gb-grid-column gb-grid-column-d3129b16\"><div class=\"gb-container gb-container-d3129b16\">\n<div class=\"gb-container gb-container-4782cfb4\">\n<div class=\"gb-container gb-container-47f7af54\">\n\n<div class=\"gb-headline gb-headline-055971ff\"><span class=\"gb-icon\"><svg xmlns=\"http:\/\/www.w3.org\/2000\/svg\" aria-hidden=\"true\" role=\"img\" height=\"1em\" width=\"1em\" viewBox=\"0 0 576 512\"><path fill=\"currentColor\" d=\"M259.3 17.8L194 150.2 47.9 171.5c-26.2 3.8-36.7 36.1-17.7 54.6l105.7 103-25 145.5c-4.5 26.3 23.2 46 46.4 33.7L288 439.6l130.7 68.7c23.2 12.2 50.9-7.4 46.4-33.7l-25-145.5 105.7-103c19-18.5 8.5-50.8-17.7-54.6L382 150.2 316.7 17.8c-11.7-23.6-45.6-23.9-57.4 0z\"><\/path><\/svg><\/span><\/div>\n\n\n\n<div class=\"gb-headline gb-headline-9d2046e5\"><span class=\"gb-icon\"><svg xmlns=\"http:\/\/www.w3.org\/2000\/svg\" aria-hidden=\"true\" role=\"img\" height=\"1em\" width=\"1em\" viewBox=\"0 0 576 512\"><path fill=\"currentColor\" d=\"M259.3 17.8L194 150.2 47.9 171.5c-26.2 3.8-36.7 36.1-17.7 54.6l105.7 103-25 145.5c-4.5 26.3 23.2 46 46.4 33.7L288 439.6l130.7 68.7c23.2 12.2 50.9-7.4 46.4-33.7l-25-145.5 105.7-103c19-18.5 8.5-50.8-17.7-54.6L382 150.2 316.7 17.8c-11.7-23.6-45.6-23.9-57.4 0z\"><\/path><\/svg><\/span><\/div>\n\n\n\n<div class=\"gb-headline gb-headline-de165b39\"><span class=\"gb-icon\"><svg xmlns=\"http:\/\/www.w3.org\/2000\/svg\" aria-hidden=\"true\" role=\"img\" height=\"1em\" width=\"1em\" viewBox=\"0 0 576 512\"><path fill=\"currentColor\" d=\"M259.3 17.8L194 150.2 47.9 171.5c-26.2 3.8-36.7 36.1-17.7 54.6l105.7 103-25 145.5c-4.5 26.3 23.2 46 46.4 33.7L288 439.6l130.7 68.7c23.2 12.2 50.9-7.4 46.4-33.7l-25-145.5 105.7-103c19-18.5 8.5-50.8-17.7-54.6L382 150.2 316.7 17.8c-11.7-23.6-45.6-23.9-57.4 0z\"><\/path><\/svg><\/span><\/div>\n\n\n\n<div class=\"gb-headline gb-headline-25f7eafa\"><span class=\"gb-icon\"><svg xmlns=\"http:\/\/www.w3.org\/2000\/svg\" aria-hidden=\"true\" role=\"img\" height=\"1em\" width=\"1em\" viewBox=\"0 0 576 512\"><path fill=\"currentColor\" d=\"M259.3 17.8L194 150.2 47.9 171.5c-26.2 3.8-36.7 36.1-17.7 54.6l105.7 103-25 145.5c-4.5 26.3 23.2 46 46.4 33.7L288 439.6l130.7 68.7c23.2 12.2 50.9-7.4 46.4-33.7l-25-145.5 105.7-103c19-18.5 8.5-50.8-17.7-54.6L382 150.2 316.7 17.8c-11.7-23.6-45.6-23.9-57.4 0z\"><\/path><\/svg><\/span><\/div>\n\n\n\n<div class=\"gb-headline gb-headline-98e7eb3f\"><span class=\"gb-icon\"><svg xmlns=\"http:\/\/www.w3.org\/2000\/svg\" aria-hidden=\"true\" role=\"img\" height=\"1em\" width=\"1em\" viewBox=\"0 0 576 512\"><path fill=\"currentColor\" d=\"M259.3 17.8L194 150.2 47.9 171.5c-26.2 3.8-36.7 36.1-17.7 54.6l105.7 103-25 145.5c-4.5 26.3 23.2 46 46.4 33.7L288 439.6l130.7 68.7c23.2 12.2 50.9-7.4 46.4-33.7l-25-145.5 105.7-103c19-18.5 8.5-50.8-17.7-54.6L382 150.2 316.7 17.8c-11.7-23.6-45.6-23.9-57.4 0z\"><\/path><\/svg><\/span><\/div>\n\n<\/div>\n\n\n<p class=\"gb-headline gb-headline-031d9067 gb-headline-text gb-headline-normal-plus\">Con un enfoque pr\u00e1ctico y un plan de estudios basado en evidencia, las formaciones de EDAI proveen a los profesionales con las herramientas necesarias para tener un impacto real en la salud mental.<\/p>\n\n\n\n<p class=\"gb-headline gb-headline-a8c10462 gb-headline-text gb-headline-small\">Marta Vilella<\/p>\n\n<\/div>\n<\/div><\/div>\n\n<div class=\"gb-grid-column gb-grid-column-82da6a74\"><div class=\"gb-container gb-container-82da6a74\">\n<div class=\"gb-container gb-container-fbc0ae63\">\n<div class=\"gb-container gb-container-ca461dc8\">\n\n<div class=\"gb-headline gb-headline-3edb7d08\"><span class=\"gb-icon\"><svg xmlns=\"http:\/\/www.w3.org\/2000\/svg\" aria-hidden=\"true\" role=\"img\" height=\"1em\" width=\"1em\" viewBox=\"0 0 576 512\"><path fill=\"currentColor\" d=\"M259.3 17.8L194 150.2 47.9 171.5c-26.2 3.8-36.7 36.1-17.7 54.6l105.7 103-25 145.5c-4.5 26.3 23.2 46 46.4 33.7L288 439.6l130.7 68.7c23.2 12.2 50.9-7.4 46.4-33.7l-25-145.5 105.7-103c19-18.5 8.5-50.8-17.7-54.6L382 150.2 316.7 17.8c-11.7-23.6-45.6-23.9-57.4 0z\"><\/path><\/svg><\/span><\/div>\n\n\n\n<div class=\"gb-headline gb-headline-204faf3b\"><span class=\"gb-icon\"><svg xmlns=\"http:\/\/www.w3.org\/2000\/svg\" aria-hidden=\"true\" role=\"img\" height=\"1em\" width=\"1em\" viewBox=\"0 0 576 512\"><path fill=\"currentColor\" d=\"M259.3 17.8L194 150.2 47.9 171.5c-26.2 3.8-36.7 36.1-17.7 54.6l105.7 103-25 145.5c-4.5 26.3 23.2 46 46.4 33.7L288 439.6l130.7 68.7c23.2 12.2 50.9-7.4 46.4-33.7l-25-145.5 105.7-103c19-18.5 8.5-50.8-17.7-54.6L382 150.2 316.7 17.8c-11.7-23.6-45.6-23.9-57.4 0z\"><\/path><\/svg><\/span><\/div>\n\n\n\n<div class=\"gb-headline gb-headline-adfdfd69\"><span class=\"gb-icon\"><svg xmlns=\"http:\/\/www.w3.org\/2000\/svg\" aria-hidden=\"true\" role=\"img\" height=\"1em\" width=\"1em\" viewBox=\"0 0 576 512\"><path fill=\"currentColor\" d=\"M259.3 17.8L194 150.2 47.9 171.5c-26.2 3.8-36.7 36.1-17.7 54.6l105.7 103-25 145.5c-4.5 26.3 23.2 46 46.4 33.7L288 439.6l130.7 68.7c23.2 12.2 50.9-7.4 46.4-33.7l-25-145.5 105.7-103c19-18.5 8.5-50.8-17.7-54.6L382 150.2 316.7 17.8c-11.7-23.6-45.6-23.9-57.4 0z\"><\/path><\/svg><\/span><\/div>\n\n\n\n<div class=\"gb-headline gb-headline-8945c79d\"><span class=\"gb-icon\"><svg xmlns=\"http:\/\/www.w3.org\/2000\/svg\" aria-hidden=\"true\" role=\"img\" height=\"1em\" width=\"1em\" viewBox=\"0 0 576 512\"><path fill=\"currentColor\" d=\"M259.3 17.8L194 150.2 47.9 171.5c-26.2 3.8-36.7 36.1-17.7 54.6l105.7 103-25 145.5c-4.5 26.3 23.2 46 46.4 33.7L288 439.6l130.7 68.7c23.2 12.2 50.9-7.4 46.4-33.7l-25-145.5 105.7-103c19-18.5 8.5-50.8-17.7-54.6L382 150.2 316.7 17.8c-11.7-23.6-45.6-23.9-57.4 0z\"><\/path><\/svg><\/span><\/div>\n\n\n\n<div class=\"gb-headline gb-headline-4d7b5bbe\"><span class=\"gb-icon\"><svg xmlns=\"http:\/\/www.w3.org\/2000\/svg\" aria-hidden=\"true\" role=\"img\" height=\"1em\" width=\"1em\" viewBox=\"0 0 576 512\"><path fill=\"currentColor\" d=\"M259.3 17.8L194 150.2 47.9 171.5c-26.2 3.8-36.7 36.1-17.7 54.6l105.7 103-25 145.5c-4.5 26.3 23.2 46 46.4 33.7L288 439.6l130.7 68.7c23.2 12.2 50.9-7.4 46.4-33.7l-25-145.5 105.7-103c19-18.5 8.5-50.8-17.7-54.6L382 150.2 316.7 17.8c-11.7-23.6-45.6-23.9-57.4 0z\"><\/path><\/svg><\/span><\/div>\n\n<\/div>\n\n\n<p class=\"gb-headline gb-headline-545023b5 gb-headline-text gb-headline-normal-plus\">EDAI destaca con su contenido experto, que transforma el conocimiento te\u00f3rico en estrategias impactantes para la ense\u00f1anza en neurodesarrollo.<\/p>\n\n\n\n<p class=\"gb-headline gb-headline-50656b1f gb-headline-text gb-headline-small\">Marc Sala<\/p>\n\n<\/div>\n<\/div><\/div>\n<\/div>\n<\/div>\n<\/div>\n<\/div>\n\n<div class=\"gb-container gb-container-fa80e70a gb-container-seccio\">\n<div class=\"gb-container gb-container-8f736052 gb-container-seccio-inner\">\n\n<h2 class=\"gb-headline gb-headline-a8ad4c62 gb-headline-text gb-headline-normal\">Suscr\u00edbete a nuestra Newsletter<\/h2>\n\n\n\n<div class=\"wpcf7 no-js\" id=\"wpcf7-f4220-o1\" lang=\"es-ES\" dir=\"ltr\" data-wpcf7-id=\"4220\">\n<div class=\"screen-reader-response\"><p role=\"status\" aria-live=\"polite\" aria-atomic=\"true\"><\/p> <ul><\/ul><\/div>\n<form action=\"\/es\/wp-json\/wp\/v2\/pages\/6636#wpcf7-f4220-o1\" method=\"post\" class=\"wpcf7-form init\" aria-label=\"Formulario de contacto\" novalidate=\"novalidate\" data-status=\"init\">\n<fieldset class=\"hidden-fields-container\"><input type=\"hidden\" name=\"_wpcf7\" value=\"4220\" \/><input type=\"hidden\" name=\"_wpcf7_version\" value=\"6.1.4\" \/><input type=\"hidden\" name=\"_wpcf7_locale\" value=\"es_ES\" \/><input type=\"hidden\" name=\"_wpcf7_unit_tag\" value=\"wpcf7-f4220-o1\" \/><input type=\"hidden\" name=\"_wpcf7_container_post\" value=\"0\" \/><input type=\"hidden\" name=\"_wpcf7_posted_data_hash\" value=\"\" \/>\n<\/fieldset>\n<div class=\"gb-container gb-container-form-grid\">\n\t<div class=\"gb-container gb-container-form-col-left\">\n\t\t<p><span class=\"wpcf7-form-control-wrap\" data-name=\"your-email\"><input size=\"40\" maxlength=\"400\" class=\"wpcf7-form-control wpcf7-email wpcf7-validates-as-required wpcf7-text wpcf7-validates-as-email gb-container-form-object\" autocomplete=\"email\" aria-required=\"true\" aria-invalid=\"false\" placeholder=\"Tu correo elecr\u00f3nico\" value=\"\" type=\"email\" name=\"your-email\" \/><\/span>\n\t\t<\/p>\n\t<\/div>\n\t<div class=\"gb-container gb-container-form-col-right\">\n\t\t<p><input class=\"wpcf7-form-control wpcf7-submit has-spinner gb-button-rounded-grey\" type=\"submit\" value=\"Suscribir\" \/>\n\t\t<\/p>\n\t<\/div>\n<\/div><div class=\"wpcf7-response-output\" aria-hidden=\"true\"><\/div>\n<\/form>\n<\/div>\n\n\n<\/div>\n<\/div>\n\n\n<p><\/p>\n","protected":false},"excerpt":{"rendered":"<p>4th EDAI International Conference 2025 (Finished) Biological, Genetic, and Environmental Risk Indicators in Neurodevelopment and Child Mental Health Brain Plasticity and Early Detection: Key Elements for Effective Intervention in Autism Transforming Clinical Insights in Mental Health and Neurodevelopment through the ROM Model EDAI International Conference Facts Rese\u00f1as Suscr\u00edbete a nuestra Newsletter<\/p>\n","protected":false},"author":1,"featured_media":0,"parent":0,"menu_order":0,"comment_status":"closed","ping_status":"closed","template":"","meta":{"_acf_changed":false,"CBBTypography":[],"productId":0,"courseId":0,"footnotes":""},"class_list":["post-6636","page","type-page","status-publish"],"acf":[],"_links":{"self":[{"href":"https:\/\/edai.eu\/es\/wp-json\/wp\/v2\/pages\/6636","targetHints":{"allow":["GET"]}}],"collection":[{"href":"https:\/\/edai.eu\/es\/wp-json\/wp\/v2\/pages"}],"about":[{"href":"https:\/\/edai.eu\/es\/wp-json\/wp\/v2\/types\/page"}],"author":[{"embeddable":true,"href":"https:\/\/edai.eu\/es\/wp-json\/wp\/v2\/users\/1"}],"replies":[{"embeddable":true,"href":"https:\/\/edai.eu\/es\/wp-json\/wp\/v2\/comments?post=6636"}],"version-history":[{"count":8,"href":"https:\/\/edai.eu\/es\/wp-json\/wp\/v2\/pages\/6636\/revisions"}],"predecessor-version":[{"id":6922,"href":"https:\/\/edai.eu\/es\/wp-json\/wp\/v2\/pages\/6636\/revisions\/6922"}],"wp:attachment":[{"href":"https:\/\/edai.eu\/es\/wp-json\/wp\/v2\/media?parent=6636"}],"curies":[{"name":"wp","href":"https:\/\/api.w.org\/{rel}","templated":true}]}}