

{"id":4369,"date":"2023-09-13T10:21:44","date_gmt":"2023-09-13T10:21:44","guid":{"rendered":"https:\/\/edai.eu\/course\/4a-edai-international-conference-2025\/"},"modified":"2026-01-23T15:17:06","modified_gmt":"2026-01-23T13:17:06","slug":"4a-edai-international-conference-2025","status":"publish","type":"product","link":"https:\/\/edai.eu\/es\/course\/4a-edai-international-conference-2025\/","title":{"rendered":"4a EDAI International Conference 2025 (Finalizada)"},"content":{"rendered":"<h1 data-start=\"139\" data-end=\"427\"><strong data-start=\"139\" data-end=\"237\">Descubre a nuestros ponentes<\/strong><\/h1>\n<div id='gallery-1' class='gallery galleryid-4369 gallery-columns-5 gallery-size-medium'><figure class='gallery-item'>\n\t\t\t<div class='gallery-icon portrait'>\n\t\t\t\t<img loading=\"lazy\" decoding=\"async\" width=\"640\" height=\"800\" src=\"https:\/\/edai.eu\/wp-content\/uploads\/2023\/09\/Speaker-Highlight-1-640x800.png\" class=\"attachment-medium size-medium\" alt=\"\" srcset=\"https:\/\/edai.eu\/wp-content\/uploads\/2023\/09\/Speaker-Highlight-1-640x800.png 640w, https:\/\/edai.eu\/wp-content\/uploads\/2023\/09\/Speaker-Highlight-1-768x960.png 768w, https:\/\/edai.eu\/wp-content\/uploads\/2023\/09\/Speaker-Highlight-1-600x750.png 600w, https:\/\/edai.eu\/wp-content\/uploads\/2023\/09\/Speaker-Highlight-1.png 1080w\" sizes=\"auto, (max-width: 640px) 100vw, 640px\" \/>\n\t\t\t<\/div><\/figure><figure class='gallery-item'>\n\t\t\t<div class='gallery-icon portrait'>\n\t\t\t\t<img loading=\"lazy\" decoding=\"async\" width=\"640\" height=\"800\" src=\"https:\/\/edai.eu\/wp-content\/uploads\/2023\/09\/Speaker-Highlight-4-1-640x800.png\" class=\"attachment-medium size-medium\" alt=\"\" srcset=\"https:\/\/edai.eu\/wp-content\/uploads\/2023\/09\/Speaker-Highlight-4-1-640x800.png 640w, https:\/\/edai.eu\/wp-content\/uploads\/2023\/09\/Speaker-Highlight-4-1-768x960.png 768w, https:\/\/edai.eu\/wp-content\/uploads\/2023\/09\/Speaker-Highlight-4-1-600x750.png 600w, https:\/\/edai.eu\/wp-content\/uploads\/2023\/09\/Speaker-Highlight-4-1.png 1080w\" sizes=\"auto, (max-width: 640px) 100vw, 640px\" \/>\n\t\t\t<\/div><\/figure><figure class='gallery-item'>\n\t\t\t<div class='gallery-icon portrait'>\n\t\t\t\t<img loading=\"lazy\" decoding=\"async\" width=\"640\" height=\"800\" src=\"https:\/\/edai.eu\/wp-content\/uploads\/2023\/09\/Speaker-Highlight-2-1-640x800.png\" class=\"attachment-medium size-medium\" alt=\"\" srcset=\"https:\/\/edai.eu\/wp-content\/uploads\/2023\/09\/Speaker-Highlight-2-1-640x800.png 640w, https:\/\/edai.eu\/wp-content\/uploads\/2023\/09\/Speaker-Highlight-2-1-768x960.png 768w, https:\/\/edai.eu\/wp-content\/uploads\/2023\/09\/Speaker-Highlight-2-1-600x750.png 600w, https:\/\/edai.eu\/wp-content\/uploads\/2023\/09\/Speaker-Highlight-2-1.png 1080w\" sizes=\"auto, (max-width: 640px) 100vw, 640px\" \/>\n\t\t\t<\/div><\/figure><figure class='gallery-item'>\n\t\t\t<div class='gallery-icon portrait'>\n\t\t\t\t<img loading=\"lazy\" decoding=\"async\" width=\"640\" height=\"800\" src=\"https:\/\/edai.eu\/wp-content\/uploads\/2023\/09\/Speaker-Highlight-3-1-640x800.png\" class=\"attachment-medium size-medium\" alt=\"\" srcset=\"https:\/\/edai.eu\/wp-content\/uploads\/2023\/09\/Speaker-Highlight-3-1-640x800.png 640w, https:\/\/edai.eu\/wp-content\/uploads\/2023\/09\/Speaker-Highlight-3-1-768x960.png 768w, https:\/\/edai.eu\/wp-content\/uploads\/2023\/09\/Speaker-Highlight-3-1-600x750.png 600w, https:\/\/edai.eu\/wp-content\/uploads\/2023\/09\/Speaker-Highlight-3-1.png 1080w\" sizes=\"auto, (max-width: 640px) 100vw, 640px\" \/>\n\t\t\t<\/div><\/figure><figure class='gallery-item'>\n\t\t\t<div class='gallery-icon portrait'>\n\t\t\t\t<img loading=\"lazy\" decoding=\"async\" width=\"640\" height=\"800\" src=\"https:\/\/edai.eu\/wp-content\/uploads\/2023\/09\/Speaker-Highlight-5-1-640x800.png\" class=\"attachment-medium size-medium\" alt=\"\" srcset=\"https:\/\/edai.eu\/wp-content\/uploads\/2023\/09\/Speaker-Highlight-5-1-640x800.png 640w, https:\/\/edai.eu\/wp-content\/uploads\/2023\/09\/Speaker-Highlight-5-1-768x960.png 768w, https:\/\/edai.eu\/wp-content\/uploads\/2023\/09\/Speaker-Highlight-5-1-600x750.png 600w, https:\/\/edai.eu\/wp-content\/uploads\/2023\/09\/Speaker-Highlight-5-1.png 1080w\" sizes=\"auto, (max-width: 640px) 100vw, 640px\" \/>\n\t\t\t<\/div><\/figure><figure class='gallery-item'>\n\t\t\t<div class='gallery-icon portrait'>\n\t\t\t\t<img loading=\"lazy\" decoding=\"async\" width=\"640\" height=\"800\" src=\"https:\/\/edai.eu\/wp-content\/uploads\/2023\/09\/Speaker-Highlight-6-1-640x800.png\" class=\"attachment-medium size-medium\" alt=\"\" srcset=\"https:\/\/edai.eu\/wp-content\/uploads\/2023\/09\/Speaker-Highlight-6-1-640x800.png 640w, https:\/\/edai.eu\/wp-content\/uploads\/2023\/09\/Speaker-Highlight-6-1-768x960.png 768w, https:\/\/edai.eu\/wp-content\/uploads\/2023\/09\/Speaker-Highlight-6-1-600x750.png 600w, https:\/\/edai.eu\/wp-content\/uploads\/2023\/09\/Speaker-Highlight-6-1.png 1080w\" sizes=\"auto, (max-width: 640px) 100vw, 640px\" \/>\n\t\t\t<\/div><\/figure><figure class='gallery-item'>\n\t\t\t<div class='gallery-icon portrait'>\n\t\t\t\t<img loading=\"lazy\" decoding=\"async\" width=\"640\" height=\"800\" src=\"https:\/\/edai.eu\/wp-content\/uploads\/2023\/09\/Speaker-Highlight-7-1-640x800.png\" class=\"attachment-medium size-medium\" alt=\"\" srcset=\"https:\/\/edai.eu\/wp-content\/uploads\/2023\/09\/Speaker-Highlight-7-1-640x800.png 640w, https:\/\/edai.eu\/wp-content\/uploads\/2023\/09\/Speaker-Highlight-7-1-768x960.png 768w, https:\/\/edai.eu\/wp-content\/uploads\/2023\/09\/Speaker-Highlight-7-1-600x750.png 600w, https:\/\/edai.eu\/wp-content\/uploads\/2023\/09\/Speaker-Highlight-7-1.png 1080w\" sizes=\"auto, (max-width: 640px) 100vw, 640px\" \/>\n\t\t\t<\/div><\/figure><figure class='gallery-item'>\n\t\t\t<div class='gallery-icon portrait'>\n\t\t\t\t<img loading=\"lazy\" decoding=\"async\" width=\"640\" height=\"800\" src=\"https:\/\/edai.eu\/wp-content\/uploads\/2023\/09\/Speaker-Highlight-2-2-640x800.png\" class=\"attachment-medium size-medium\" alt=\"\" srcset=\"https:\/\/edai.eu\/wp-content\/uploads\/2023\/09\/Speaker-Highlight-2-2-640x800.png 640w, https:\/\/edai.eu\/wp-content\/uploads\/2023\/09\/Speaker-Highlight-2-2-768x960.png 768w, https:\/\/edai.eu\/wp-content\/uploads\/2023\/09\/Speaker-Highlight-2-2-600x750.png 600w, https:\/\/edai.eu\/wp-content\/uploads\/2023\/09\/Speaker-Highlight-2-2.png 1080w\" sizes=\"auto, (max-width: 640px) 100vw, 640px\" \/>\n\t\t\t<\/div><\/figure><figure class='gallery-item'>\n\t\t\t<div class='gallery-icon portrait'>\n\t\t\t\t<img loading=\"lazy\" decoding=\"async\" width=\"640\" height=\"800\" src=\"https:\/\/edai.eu\/wp-content\/uploads\/2023\/09\/Speaker-Highlight-8-640x800.png\" class=\"attachment-medium size-medium\" alt=\"\" srcset=\"https:\/\/edai.eu\/wp-content\/uploads\/2023\/09\/Speaker-Highlight-8-640x800.png 640w, https:\/\/edai.eu\/wp-content\/uploads\/2023\/09\/Speaker-Highlight-8-768x960.png 768w, https:\/\/edai.eu\/wp-content\/uploads\/2023\/09\/Speaker-Highlight-8-600x750.png 600w, https:\/\/edai.eu\/wp-content\/uploads\/2023\/09\/Speaker-Highlight-8.png 1080w\" sizes=\"auto, (max-width: 640px) 100vw, 640px\" \/>\n\t\t\t<\/div><\/figure><figure class='gallery-item'>\n\t\t\t<div class='gallery-icon portrait'>\n\t\t\t\t<img loading=\"lazy\" decoding=\"async\" width=\"640\" height=\"800\" src=\"https:\/\/edai.eu\/wp-content\/uploads\/2023\/09\/Speaker-Highlight-3-2-640x800.png\" class=\"attachment-medium size-medium\" alt=\"\" srcset=\"https:\/\/edai.eu\/wp-content\/uploads\/2023\/09\/Speaker-Highlight-3-2-640x800.png 640w, https:\/\/edai.eu\/wp-content\/uploads\/2023\/09\/Speaker-Highlight-3-2-768x960.png 768w, https:\/\/edai.eu\/wp-content\/uploads\/2023\/09\/Speaker-Highlight-3-2-600x750.png 600w, https:\/\/edai.eu\/wp-content\/uploads\/2023\/09\/Speaker-Highlight-3-2.png 1080w\" sizes=\"auto, (max-width: 640px) 100vw, 640px\" \/>\n\t\t\t<\/div><\/figure><figure class='gallery-item'>\n\t\t\t<div class='gallery-icon portrait'>\n\t\t\t\t<img loading=\"lazy\" decoding=\"async\" width=\"640\" height=\"800\" src=\"https:\/\/edai.eu\/wp-content\/uploads\/2025\/05\/Speaker-Highlight-3-640x800.jpg\" class=\"attachment-medium size-medium\" alt=\"\" srcset=\"https:\/\/edai.eu\/wp-content\/uploads\/2025\/05\/Speaker-Highlight-3-640x800.jpg 640w, https:\/\/edai.eu\/wp-content\/uploads\/2025\/05\/Speaker-Highlight-3-768x960.jpg 768w, https:\/\/edai.eu\/wp-content\/uploads\/2025\/05\/Speaker-Highlight-3-600x750.jpg 600w, https:\/\/edai.eu\/wp-content\/uploads\/2025\/05\/Speaker-Highlight-3.jpg 1080w\" sizes=\"auto, (max-width: 640px) 100vw, 640px\" \/>\n\t\t\t<\/div><\/figure><figure class='gallery-item'>\n\t\t\t<div class='gallery-icon portrait'>\n\t\t\t\t<img loading=\"lazy\" decoding=\"async\" width=\"640\" height=\"800\" src=\"https:\/\/edai.eu\/wp-content\/uploads\/2025\/05\/Speaker-Highlight-2-640x800.jpg\" class=\"attachment-medium size-medium\" alt=\"\" srcset=\"https:\/\/edai.eu\/wp-content\/uploads\/2025\/05\/Speaker-Highlight-2-640x800.jpg 640w, https:\/\/edai.eu\/wp-content\/uploads\/2025\/05\/Speaker-Highlight-2-768x960.jpg 768w, https:\/\/edai.eu\/wp-content\/uploads\/2025\/05\/Speaker-Highlight-2-600x750.jpg 600w, https:\/\/edai.eu\/wp-content\/uploads\/2025\/05\/Speaker-Highlight-2.jpg 1080w\" sizes=\"auto, (max-width: 640px) 100vw, 640px\" \/>\n\t\t\t<\/div><\/figure><figure class='gallery-item'>\n\t\t\t<div class='gallery-icon portrait'>\n\t\t\t\t<img loading=\"lazy\" decoding=\"async\" width=\"640\" height=\"800\" src=\"https:\/\/edai.eu\/wp-content\/uploads\/2025\/05\/Speaker-Highlight-640x800.jpg\" class=\"attachment-medium size-medium\" alt=\"\" srcset=\"https:\/\/edai.eu\/wp-content\/uploads\/2025\/05\/Speaker-Highlight-640x800.jpg 640w, https:\/\/edai.eu\/wp-content\/uploads\/2025\/05\/Speaker-Highlight-768x960.jpg 768w, https:\/\/edai.eu\/wp-content\/uploads\/2025\/05\/Speaker-Highlight-600x750.jpg 600w, https:\/\/edai.eu\/wp-content\/uploads\/2025\/05\/Speaker-Highlight.jpg 1080w\" sizes=\"auto, (max-width: 640px) 100vw, 640px\" \/>\n\t\t\t<\/div><\/figure><figure class='gallery-item'>\n\t\t\t<div class='gallery-icon portrait'>\n\t\t\t\t<img loading=\"lazy\" decoding=\"async\" width=\"640\" height=\"800\" src=\"https:\/\/edai.eu\/wp-content\/uploads\/2025\/05\/Speaker-Highlight-4-640x800.jpg\" class=\"attachment-medium size-medium\" alt=\"\" srcset=\"https:\/\/edai.eu\/wp-content\/uploads\/2025\/05\/Speaker-Highlight-4-640x800.jpg 640w, https:\/\/edai.eu\/wp-content\/uploads\/2025\/05\/Speaker-Highlight-4-768x960.jpg 768w, https:\/\/edai.eu\/wp-content\/uploads\/2025\/05\/Speaker-Highlight-4-600x750.jpg 600w, https:\/\/edai.eu\/wp-content\/uploads\/2025\/05\/Speaker-Highlight-4.jpg 1080w\" sizes=\"auto, (max-width: 640px) 100vw, 640px\" \/>\n\t\t\t<\/div><\/figure><figure class='gallery-item'>\n\t\t\t<div class='gallery-icon portrait'>\n\t\t\t\t<img loading=\"lazy\" decoding=\"async\" width=\"640\" height=\"800\" src=\"https:\/\/edai.eu\/wp-content\/uploads\/2025\/05\/Speaker-Highlight-6-640x800.jpg\" class=\"attachment-medium size-medium\" alt=\"\" srcset=\"https:\/\/edai.eu\/wp-content\/uploads\/2025\/05\/Speaker-Highlight-6-640x800.jpg 640w, https:\/\/edai.eu\/wp-content\/uploads\/2025\/05\/Speaker-Highlight-6-768x960.jpg 768w, https:\/\/edai.eu\/wp-content\/uploads\/2025\/05\/Speaker-Highlight-6-600x750.jpg 600w, https:\/\/edai.eu\/wp-content\/uploads\/2025\/05\/Speaker-Highlight-6.jpg 1080w\" sizes=\"auto, (max-width: 640px) 100vw, 640px\" \/>\n\t\t\t<\/div><\/figure><figure class='gallery-item'>\n\t\t\t<div class='gallery-icon portrait'>\n\t\t\t\t<img loading=\"lazy\" decoding=\"async\" width=\"640\" height=\"800\" src=\"https:\/\/edai.eu\/wp-content\/uploads\/2025\/05\/Speaker-Highlight-5-640x800.jpg\" class=\"attachment-medium size-medium\" alt=\"\" srcset=\"https:\/\/edai.eu\/wp-content\/uploads\/2025\/05\/Speaker-Highlight-5-640x800.jpg 640w, https:\/\/edai.eu\/wp-content\/uploads\/2025\/05\/Speaker-Highlight-5-768x960.jpg 768w, https:\/\/edai.eu\/wp-content\/uploads\/2025\/05\/Speaker-Highlight-5-600x750.jpg 600w, https:\/\/edai.eu\/wp-content\/uploads\/2025\/05\/Speaker-Highlight-5.jpg 1080w\" sizes=\"auto, (max-width: 640px) 100vw, 640px\" \/>\n\t\t\t<\/div><\/figure><figure class='gallery-item'>\n\t\t\t<div class='gallery-icon portrait'>\n\t\t\t\t<img loading=\"lazy\" decoding=\"async\" width=\"640\" height=\"800\" src=\"https:\/\/edai.eu\/wp-content\/uploads\/2025\/05\/Speaker-Highlight-7-640x800.jpg\" class=\"attachment-medium size-medium\" alt=\"\" srcset=\"https:\/\/edai.eu\/wp-content\/uploads\/2025\/05\/Speaker-Highlight-7-640x800.jpg 640w, https:\/\/edai.eu\/wp-content\/uploads\/2025\/05\/Speaker-Highlight-7-768x960.jpg 768w, https:\/\/edai.eu\/wp-content\/uploads\/2025\/05\/Speaker-Highlight-7-600x750.jpg 600w, https:\/\/edai.eu\/wp-content\/uploads\/2025\/05\/Speaker-Highlight-7.jpg 1080w\" sizes=\"auto, (max-width: 640px) 100vw, 640px\" \/>\n\t\t\t<\/div><\/figure><figure class='gallery-item'>\n\t\t\t<div class='gallery-icon portrait'>\n\t\t\t\t<img loading=\"lazy\" decoding=\"async\" width=\"640\" height=\"800\" src=\"https:\/\/edai.eu\/wp-content\/uploads\/2025\/05\/Speaker-Highlight-9-640x800.jpg\" class=\"attachment-medium size-medium\" alt=\"\" srcset=\"https:\/\/edai.eu\/wp-content\/uploads\/2025\/05\/Speaker-Highlight-9-640x800.jpg 640w, https:\/\/edai.eu\/wp-content\/uploads\/2025\/05\/Speaker-Highlight-9-768x960.jpg 768w, https:\/\/edai.eu\/wp-content\/uploads\/2025\/05\/Speaker-Highlight-9-600x750.jpg 600w, https:\/\/edai.eu\/wp-content\/uploads\/2025\/05\/Speaker-Highlight-9.jpg 1080w\" sizes=\"auto, (max-width: 640px) 100vw, 640px\" \/>\n\t\t\t<\/div><\/figure><figure class='gallery-item'>\n\t\t\t<div class='gallery-icon portrait'>\n\t\t\t\t<img loading=\"lazy\" decoding=\"async\" width=\"640\" height=\"800\" src=\"https:\/\/edai.eu\/wp-content\/uploads\/2025\/05\/Speaker-Highlight-10-640x800.jpg\" class=\"attachment-medium size-medium\" alt=\"\" srcset=\"https:\/\/edai.eu\/wp-content\/uploads\/2025\/05\/Speaker-Highlight-10-640x800.jpg 640w, https:\/\/edai.eu\/wp-content\/uploads\/2025\/05\/Speaker-Highlight-10-768x960.jpg 768w, https:\/\/edai.eu\/wp-content\/uploads\/2025\/05\/Speaker-Highlight-10-600x750.jpg 600w, https:\/\/edai.eu\/wp-content\/uploads\/2025\/05\/Speaker-Highlight-10.jpg 1080w\" sizes=\"auto, (max-width: 640px) 100vw, 640px\" \/>\n\t\t\t<\/div><\/figure><figure class='gallery-item'>\n\t\t\t<div class='gallery-icon portrait'>\n\t\t\t\t<img loading=\"lazy\" decoding=\"async\" width=\"640\" height=\"800\" src=\"https:\/\/edai.eu\/wp-content\/uploads\/2025\/05\/Speaker-Highlight-11-640x800.jpg\" class=\"attachment-medium size-medium\" alt=\"\" srcset=\"https:\/\/edai.eu\/wp-content\/uploads\/2025\/05\/Speaker-Highlight-11-640x800.jpg 640w, https:\/\/edai.eu\/wp-content\/uploads\/2025\/05\/Speaker-Highlight-11-768x960.jpg 768w, https:\/\/edai.eu\/wp-content\/uploads\/2025\/05\/Speaker-Highlight-11-600x750.jpg 600w, https:\/\/edai.eu\/wp-content\/uploads\/2025\/05\/Speaker-Highlight-11.jpg 1080w\" sizes=\"auto, (max-width: 640px) 100vw, 640px\" \/>\n\t\t\t<\/div><\/figure><figure class='gallery-item'>\n\t\t\t<div class='gallery-icon portrait'>\n\t\t\t\t<img loading=\"lazy\" decoding=\"async\" width=\"640\" height=\"800\" src=\"https:\/\/edai.eu\/wp-content\/uploads\/2025\/05\/Speaker-Highlight-8-640x800.jpg\" class=\"attachment-medium size-medium\" alt=\"\" srcset=\"https:\/\/edai.eu\/wp-content\/uploads\/2025\/05\/Speaker-Highlight-8-640x800.jpg 640w, https:\/\/edai.eu\/wp-content\/uploads\/2025\/05\/Speaker-Highlight-8-768x960.jpg 768w, https:\/\/edai.eu\/wp-content\/uploads\/2025\/05\/Speaker-Highlight-8-600x750.jpg 600w, https:\/\/edai.eu\/wp-content\/uploads\/2025\/05\/Speaker-Highlight-8.jpg 1080w\" sizes=\"auto, (max-width: 640px) 100vw, 640px\" \/>\n\t\t\t<\/div><\/figure><figure class='gallery-item'>\n\t\t\t<div class='gallery-icon portrait'>\n\t\t\t\t<img loading=\"lazy\" decoding=\"async\" width=\"640\" height=\"800\" src=\"https:\/\/edai.eu\/wp-content\/uploads\/2025\/05\/Speaker-Highlight-12-640x800.jpg\" class=\"attachment-medium size-medium\" alt=\"\" srcset=\"https:\/\/edai.eu\/wp-content\/uploads\/2025\/05\/Speaker-Highlight-12-640x800.jpg 640w, https:\/\/edai.eu\/wp-content\/uploads\/2025\/05\/Speaker-Highlight-12-768x960.jpg 768w, https:\/\/edai.eu\/wp-content\/uploads\/2025\/05\/Speaker-Highlight-12-600x750.jpg 600w, https:\/\/edai.eu\/wp-content\/uploads\/2025\/05\/Speaker-Highlight-12.jpg 1080w\" sizes=\"auto, (max-width: 640px) 100vw, 640px\" \/>\n\t\t\t<\/div><\/figure>\n\t\t<\/div>\n\n<h2 data-start=\"139\" data-end=\"427\"><strong data-start=\"139\" data-end=\"237\"> 4a EDAI International Conference, 5 y 6 de junio de 2025, en CosmoCaixa, Barcelona<\/strong><\/h2>\n<p data-start=\"139\" data-end=\"427\">El t\u00edtulo de este a\u00f1o, <em data-start=\"259\" data-end=\"318\">Afecciones del Neurodesarrollo en Ni\u00f1os y Adolescentes<\/em>, se explorar\u00e1 desde una perspectiva multidisciplinar, uniendo la pr\u00e1ctica cl\u00ednica, la investigaci\u00f3n y la innovaci\u00f3n.<\/p>\n<p class=\"\" data-start=\"429\" data-end=\"710\">Consolidado como un evento clave en salud mental infantojuvenil, el congreso contar\u00e1 con ponencias plenarias, sesiones paralelas y talleres a cargo de reconocidos expertos.<br data-start=\"581\" data-end=\"584\">Entre los ponentes confirmados se encuentran Boris Cyrulnik (Neur\u00f3logo y pionero en el campo de la resiliencia, Francia), Tony Charman (King&#8217;s College London), Antonia Hamilton (University College London), Leticia Asenjo (Fundadora y directora de EDAI), Michael Lombardo (Director de LAND, Instituto de Tecnolog\u00eda de Milan), entre otros.<\/p>\n<p align=\"left\"><i><strong data-start=\"184\" data-end=\"198\">IMPORTANTE:<\/strong> La EDAI School of Neurodevelopment and Mental Health se reserva el derecho de modificar la programaci\u00f3n de cursos y congresos, incluyendo el cambio de ponentes, por causas externas a la organizaci\u00f3n. Dichos cambios no dar\u00e1n derecho a reclamaciones o reembolsos, y la organizaci\u00f3n garantizar\u00e1 que se mantenga la calidad de la formaci\u00f3n. <\/i><\/p>\n<div id='gallery-2' class='gallery galleryid-4369 gallery-columns-2 gallery-size-medium'><figure class='gallery-item'>\n\t\t\t<div class='gallery-icon landscape'>\n\t\t\t\t<img loading=\"lazy\" decoding=\"async\" width=\"800\" height=\"400\" src=\"https:\/\/edai.eu\/wp-content\/uploads\/2023\/09\/Sponsors-800x400.png\" class=\"attachment-medium size-medium\" alt=\"\" srcset=\"https:\/\/edai.eu\/wp-content\/uploads\/2023\/09\/Sponsors-800x400.png 800w, https:\/\/edai.eu\/wp-content\/uploads\/2023\/09\/Sponsors-2000x1000.png 2000w, https:\/\/edai.eu\/wp-content\/uploads\/2023\/09\/Sponsors-768x384.png 768w, https:\/\/edai.eu\/wp-content\/uploads\/2023\/09\/Sponsors-1536x768.png 1536w, https:\/\/edai.eu\/wp-content\/uploads\/2023\/09\/Sponsors-2048x1024.png 2048w, https:\/\/edai.eu\/wp-content\/uploads\/2023\/09\/Sponsors-600x300.png 600w\" sizes=\"auto, (max-width: 800px) 100vw, 800px\" \/>\n\t\t\t<\/div><\/figure><figure class='gallery-item'>\n\t\t\t<div class='gallery-icon landscape'>\n\t\t\t\t<img loading=\"lazy\" decoding=\"async\" width=\"800\" height=\"400\" src=\"https:\/\/edai.eu\/wp-content\/uploads\/2025\/05\/Sponsors-1-800x400.png\" class=\"attachment-medium size-medium\" alt=\"\" srcset=\"https:\/\/edai.eu\/wp-content\/uploads\/2025\/05\/Sponsors-1-800x400.png 800w, https:\/\/edai.eu\/wp-content\/uploads\/2025\/05\/Sponsors-1-2000x1000.png 2000w, https:\/\/edai.eu\/wp-content\/uploads\/2025\/05\/Sponsors-1-768x384.png 768w, https:\/\/edai.eu\/wp-content\/uploads\/2025\/05\/Sponsors-1-1536x768.png 1536w, https:\/\/edai.eu\/wp-content\/uploads\/2025\/05\/Sponsors-1-2048x1024.png 2048w, https:\/\/edai.eu\/wp-content\/uploads\/2025\/05\/Sponsors-1-600x300.png 600w\" sizes=\"auto, (max-width: 800px) 100vw, 800px\" \/>\n\t\t\t<\/div><\/figure>\n\t\t<\/div>\n\n<h4 align=\"left\"><\/h4>\n<h4 align=\"left\"><b>EDAI Research &amp; Development Awards<\/b><\/h4>\n<p><img loading=\"lazy\" decoding=\"async\" class=\"wp-image-6193 alignright\" style=\"font-family: -apple-system, system-ui, BlinkMacSystemFont, 'Segoe UI', Helvetica, Arial, sans-serif, 'Apple Color Emoji', 'Segoe UI Emoji', 'Segoe UI Symbol';\" src=\"https:\/\/edai.eu\/wp-content\/uploads\/2023\/09\/Portada-F_Orange-EDAi-Awards-640x800.jpg\" alt=\"\" width=\"302\" height=\"378\" srcset=\"https:\/\/edai.eu\/wp-content\/uploads\/2023\/09\/Portada-F_Orange-EDAi-Awards-640x800.jpg 640w, https:\/\/edai.eu\/wp-content\/uploads\/2023\/09\/Portada-F_Orange-EDAi-Awards-768x960.jpg 768w, https:\/\/edai.eu\/wp-content\/uploads\/2023\/09\/Portada-F_Orange-EDAi-Awards-600x750.jpg 600w, https:\/\/edai.eu\/wp-content\/uploads\/2023\/09\/Portada-F_Orange-EDAi-Awards.jpg 1080w\" sizes=\"auto, (max-width: 302px) 100vw, 302px\" \/><\/p>\n<p><span class=\"OYPEnA font-feature-liga-off font-feature-clig-off font-feature-calt-off text-decoration-none text-strikethrough-none\">Nos complace anunciar los Premios de Investigaci\u00f3n Orange &amp; EDAI Research Awards, dentro de la EDAI International Conference. <\/span><\/p>\n<p><span class=\"OYPEnA font-feature-liga-off font-feature-clig-off font-feature-calt-off text-decoration-none text-strikethrough-none\">Patrocinados por Orange, los Premios EDAI de Investigaci\u00f3n y Desarrollo fomentan la investigaci\u00f3n cient\u00edfica en el campo de la salud mental y el neurodesarrollo infantil y adolescente. <\/span><span class=\"OYPEnA font-feature-liga-off font-feature-clig-off font-feature-calt-off text-decoration-none text-strikethrough-none\">El certamen es a nivel internacional.<\/span><\/p>\n<p align=\"left\">Estas son las bases para poder participar: Abierto hasta el 30 de Mayo <\/p>\n<h5 align=\"left\"><b><a href=\"https:\/\/edai.eu\/wp-content\/uploads\/2023\/09\/EDAI-RD-Award-Booklet-En-1.pdf\">EDAI R&amp;D Awards<\/a> <\/b><\/h5>\n<p align=\"left\">Para cualquier consulta nos pod\u00e9is escribir a: conference@edai.eu<\/p>\n","protected":false},"excerpt":{"rendered":"<h1><b><a href=\"https:\/\/edai.eu\/wp-content\/uploads\/2025\/05\/EDAI-Int-Conference-Programme.pdf\">Programa<\/a><\/b><\/h1>\n<p>Este evento ha finalizado.<\/p>\n","protected":false},"featured_media":5507,"template":"","meta":{"_acf_changed":false,"CBBTypography":[]},"product_brand":[],"product_cat":[44,37],"product_tag":[],"class_list":{"0":"post-4369","1":"product","2":"type-product","3":"status-publish","4":"has-post-thumbnail","6":"product_cat-neurodesarrollo","7":"product_cat-uncategorized-es","9":"first","10":"instock","11":"shipping-taxable","12":"purchasable","13":"product-type-variable"},"acf":[],"_links":{"self":[{"href":"https:\/\/edai.eu\/es\/wp-json\/wp\/v2\/product\/4369","targetHints":{"allow":["GET"]}}],"collection":[{"href":"https:\/\/edai.eu\/es\/wp-json\/wp\/v2\/product"}],"about":[{"href":"https:\/\/edai.eu\/es\/wp-json\/wp\/v2\/types\/product"}],"wp:featuredmedia":[{"embeddable":true,"href":"https:\/\/edai.eu\/es\/wp-json\/wp\/v2\/media\/5507"}],"wp:attachment":[{"href":"https:\/\/edai.eu\/es\/wp-json\/wp\/v2\/media?parent=4369"}],"wp:term":[{"taxonomy":"product_brand","embeddable":true,"href":"https:\/\/edai.eu\/es\/wp-json\/wp\/v2\/product_brand?post=4369"},{"taxonomy":"product_cat","embeddable":true,"href":"https:\/\/edai.eu\/es\/wp-json\/wp\/v2\/product_cat?post=4369"},{"taxonomy":"product_tag","embeddable":true,"href":"https:\/\/edai.eu\/es\/wp-json\/wp\/v2\/product_tag?post=4369"}],"curies":[{"name":"wp","href":"https:\/\/api.w.org\/{rel}","templated":true}]}}