

{"id":6336,"date":"2025-10-02T00:25:06","date_gmt":"2025-10-01T22:25:06","guid":{"rendered":"https:\/\/edai.eu\/?post_type=product&#038;p=6336"},"modified":"2025-11-29T10:30:03","modified_gmt":"2025-11-29T08:30:03","slug":"indicadores-biologicos-geneticos-y-ambientales-de-riesgo-en-el-neurodesarrollo-y-la-salud-mental-infantil","status":"publish","type":"product","link":"https:\/\/edai.eu\/es\/course\/indicadores-biologicos-geneticos-y-ambientales-de-riesgo-en-el-neurodesarrollo-y-la-salud-mental-infantil\/","title":{"rendered":"Indicadores Biol\u00f3gicos, Gen\u00e9ticos y Ambientales de Riesgo en el Neurodesarrollo y la Salud Mental Infantil"},"content":{"rendered":"<h1 data-start=\"139\" data-end=\"427\"><b>Indicadores Biol\u00f3gicos, Gen\u00e9ticos y Ambientales de Riesgo en el Neurodesarrollo y la Salud Mental Infantil<\/b><\/h1>\n<p data-start=\"519\" data-end=\"889\">Descubre los principales factores de riesgo biol\u00f3gicos, gen\u00e9ticos y ambientales que influyen en el neurodesarrollo y la salud mental infantil. A trav\u00e9s de una formaci\u00f3n basada en la evidencia, pr\u00e1ctica e integradora, los participantes adquirir\u00e1n herramientas actualizadas para la detecci\u00f3n temprana y la intervenci\u00f3n en poblaci\u00f3n infantil y adolescente.<\/p>\n<h4 data-start=\"891\" data-end=\"915\">Objetivo del curso<\/h4>\n<p data-start=\"916\" data-end=\"1104\">Identificar, interpretar e integrar indicadores biol\u00f3gicos, gen\u00e9ticos y ambientales con el fin de mejorar la detecci\u00f3n temprana y la promoci\u00f3n de la salud mental infantil.<\/p>\n<h4 data-start=\"1106\" data-end=\"1134\">Perfecciona tu t\u00e9cnica de diagn\u00f3stico<\/h4>\n<p data-start=\"1135\" data-end=\"1457\">El neurodesarrollo temprano es una ventana cr\u00edtica en la que m\u00faltiples factores \u2014biol\u00f3gicos, gen\u00e9ticos y ambientales\u2014 interact\u00faan de manera compleja y a menudo interrelacionada. Comprender estas din\u00e1micas es esencial tanto para la pr\u00e1ctica cl\u00ednica como para la investigaci\u00f3n dirigida a proteger la salud mental infantil.<\/p>\n<p><span style=\"font-size: inherit; font-family: -apple-system, system-ui, BlinkMacSystemFont, 'Segoe UI', Helvetica, Arial, sans-serif, 'Apple Color Emoji', 'Segoe UI Emoji', 'Segoe UI Symbol';\">Esta formaci\u00f3n ofrece una perspectiva multidimensional, que combina la evidencia m\u00e1s actual sobre c\u00f3mo influyen estos factores en el desarrollo, con un enfoque orientado a la aplicaci\u00f3n pr\u00e1ctica en contextos cl\u00ednicos y profesionales reales.<\/span><\/p>\n<h4 data-start=\"1703\" data-end=\"1733\">Aprendizajes clave<\/h4>\n<ul data-start=\"1734\" data-end=\"2286\">\n<li data-start=\"1734\" data-end=\"1821\">\n<p data-start=\"1736\" data-end=\"1821\">Una visi\u00f3n integrada del neurodesarrollo que conecta biolog\u00eda, gen\u00e9tica y ambiente.<\/p>\n<\/li>\n<li data-start=\"1822\" data-end=\"1946\">\n<p data-start=\"1824\" data-end=\"1946\">Comprensi\u00f3n de interacciones como los procesos epigen\u00e9ticos, donde los factores ambientales modulan la expresi\u00f3n g\u00e9nica.<\/p>\n<\/li>\n<li data-start=\"1947\" data-end=\"2071\">\n<p data-start=\"1949\" data-end=\"2071\">Herramientas para la detecci\u00f3n temprana de ni\u00f1os en riesgo de presentar dificultades en el neurodesarrollo.<\/p>\n<\/li>\n<li data-start=\"2175\" data-end=\"2286\">\n<p data-start=\"2177\" data-end=\"2286\">Conocimientos interdisciplinares que fomentan la colaboraci\u00f3n entre especialidades como la neuropediatr\u00eda , la gen\u00e9tica, la biolog\u00eda y la psicolog\u00eda.<\/p>\n<\/li>\n<\/ul>\n<h4 data-start=\"2288\" data-end=\"2335\">Aplicaciones pr\u00e1cticas para profesionales<\/h4>\n<ul data-start=\"2336\" data-end=\"2553\">\n<li data-start=\"2336\" data-end=\"2389\">\n<p data-start=\"2338\" data-end=\"2389\">Mejora en la detecci\u00f3n temprana de ni\u00f1os en situaciones de riesgo.<\/p>\n<\/li>\n<li data-start=\"2390\" data-end=\"2452\">\n<p data-start=\"2392\" data-end=\"2452\">Reconocer los factores de riesgo permite intervenciones m\u00e1s ajustadas a las necesidades.<\/p>\n<\/li>\n<li data-start=\"2453\" data-end=\"2553\">\n<p data-start=\"2455\" data-end=\"2553\">Reforzar conexiones multidisciplinares entre distintas \u00e1reas centradas en la poblaci\u00f3n infantil.<\/p>\n<\/li>\n<\/ul>\n<h3 data-start=\"2555\" data-end=\"2568\">Ponente<\/h3>\n<p><img loading=\"lazy\" decoding=\"async\" class=\"wp-image-6552 alignright\" src=\"https:\/\/edai.eu\/wp-content\/uploads\/2025\/07\/Speaker-Highlight4-800x800.jpg\" alt=\"\" width=\"258\" height=\"258\" srcset=\"https:\/\/edai.eu\/wp-content\/uploads\/2025\/07\/Speaker-Highlight4-800x800.jpg 800w, https:\/\/edai.eu\/wp-content\/uploads\/2025\/07\/Speaker-Highlight4-300x300.jpg 300w, https:\/\/edai.eu\/wp-content\/uploads\/2025\/07\/Speaker-Highlight4-768x768.jpg 768w, https:\/\/edai.eu\/wp-content\/uploads\/2025\/07\/Speaker-Highlight4-600x600.jpg 600w, https:\/\/edai.eu\/wp-content\/uploads\/2025\/07\/Speaker-Highlight4-100x100.jpg 100w, https:\/\/edai.eu\/wp-content\/uploads\/2025\/07\/Speaker-Highlight4.jpg 1080w\" sizes=\"auto, (max-width: 258px) 100vw, 258px\" \/><\/p>\n<p data-start=\"2569\" data-end=\"2816\"><b>La Dra. Elena Mart\u00ednez Cayuelas<\/b> es <span class=\"a_GcMg font-feature-liga-off font-feature-clig-off font-feature-calt-off text-decoration-none text-strikethrough-none\">Neuropediatra en el Hospital Universitario Fundaci\u00f3n Jim\u00e9nez D\u00edaz. M\u00e1ster en Trastornos del espectro autista y m\u00e1ster en \u201cSue\u00f1o: Fisiolog\u00eda y Medi<\/span><span class=\"a_GcMg font-feature-liga-off font-feature-clig-off font-feature-calt-off text-decoration-none text-strikethrough-none\">cina\u201d. Doctora por la Universidad aut\u00f3noma de Madrid, con la tesis \u201cSue\u00f1o, melatonina y ritmos circadianos en poblaci\u00f3n pedi\u00e1trica con trastorno del espectro autista\u201d. En los \u00faltimos a\u00f1os ha centrado su investigaci\u00f3n en sue\u00f1o y ritmos circadianos en diferentes poblaciones de pacientes pedi\u00e1tricos con patolog\u00eda neurol\u00f3gica, o condiciones del neurodesarrollo. Desde hace unos meses, neuropediatra en EDAI Madrid. Forma parte de la Socie<\/span><span class=\"a_GcMg font-feature-liga-off font-feature-clig-off font-feature-calt-off text-decoration-none text-strikethrough-none\">dad espa\u00f1ola de Sue\u00f1o y de la Sociedad Espa\u00f1ola de neuropediatr\u00eda.<\/span><\/p>\n<p data-start=\"2818\" data-end=\"2991\">Este curso forma parte del <strong data-start=\"2845\" data-end=\"2913\">Programa de Especializaci\u00f3n en Neurodesarrollo de la EDAI School<\/strong>.<\/p>\n<p data-start=\"2993\" data-end=\"3064\">\ud83d\udce9 Para cualquier consulta puedes escribirnos a: <strong data-start=\"3042\" data-end=\"3062\"><a class=\"decorated-link cursor-pointer\" rel=\"noopener\" data-start=\"3044\" data-end=\"3060\">training@edai.eu<\/a><\/strong><\/p>\n","protected":false},"excerpt":{"rendered":"<p data-start=\"189\" data-end=\"277\">Perfecciona tu t\u00e9cnica diagn\u00f3stica con esta Formaci\u00f3n Especializada en Neurodesarrollo.<\/p>\n<p><span style=\"font-family: inherit; font-style: inherit;\">\ud83d\udcc5 <strong data-start=\"116\" data-end=\"138\">21 Noviembre 2025<\/strong><br data-start=\"138\" data-end=\"141\" \/>\u23f0 <b>10:00 \u2013 14:00 h<\/b><br data-start=\"165\" data-end=\"168\" \/>\ud83d\udccd <strong data-start=\"171\" data-end=\"210\">EDAI Retiro. C\/ T\u00e9llez, 15. Madrid<\/strong><\/span><\/p>\n<p data-start=\"279\" data-end=\"517\">Precio: 80\u20ac (10% de descuento si has asistido a las Jornadas EDAI, a cursos de la EDAI School o eres miembro de entidades asociadas)<\/p>\n<p data-start=\"279\" data-end=\"517\">Esta formaci\u00f3n ha finalizado.<\/p>\n<p>&nbsp;<\/p>\n","protected":false},"featured_media":6901,"template":"","meta":{"_acf_changed":false,"CBBTypography":[]},"product_brand":[],"product_cat":[44,37],"product_tag":[],"class_list":{"0":"post-6336","1":"product","2":"type-product","3":"status-publish","4":"has-post-thumbnail","6":"product_cat-neurodesarrollo","7":"product_cat-uncategorized-es","9":"first","10":"instock","11":"featured","12":"shipping-taxable","13":"purchasable","14":"product-type-variable"},"acf":[],"_links":{"self":[{"href":"https:\/\/edai.eu\/es\/wp-json\/wp\/v2\/product\/6336","targetHints":{"allow":["GET"]}}],"collection":[{"href":"https:\/\/edai.eu\/es\/wp-json\/wp\/v2\/product"}],"about":[{"href":"https:\/\/edai.eu\/es\/wp-json\/wp\/v2\/types\/product"}],"wp:featuredmedia":[{"embeddable":true,"href":"https:\/\/edai.eu\/es\/wp-json\/wp\/v2\/media\/6901"}],"wp:attachment":[{"href":"https:\/\/edai.eu\/es\/wp-json\/wp\/v2\/media?parent=6336"}],"wp:term":[{"taxonomy":"product_brand","embeddable":true,"href":"https:\/\/edai.eu\/es\/wp-json\/wp\/v2\/product_brand?post=6336"},{"taxonomy":"product_cat","embeddable":true,"href":"https:\/\/edai.eu\/es\/wp-json\/wp\/v2\/product_cat?post=6336"},{"taxonomy":"product_tag","embeddable":true,"href":"https:\/\/edai.eu\/es\/wp-json\/wp\/v2\/product_tag?post=6336"}],"curies":[{"name":"wp","href":"https:\/\/api.w.org\/{rel}","templated":true}]}}