

{"id":6977,"date":"2026-01-30T10:44:16","date_gmt":"2026-01-30T08:44:16","guid":{"rendered":"https:\/\/edai.eu\/?post_type=product&#038;p=6977"},"modified":"2026-02-02T17:49:59","modified_gmt":"2026-02-02T15:49:59","slug":"2o-simposio-edai-autismo","status":"publish","type":"product","link":"https:\/\/edai.eu\/es\/course\/2o-simposio-edai-autismo\/","title":{"rendered":"2o Simposio EDAI sobre Autismo"},"content":{"rendered":"<h1 data-start=\"139\" data-end=\"427\"><strong style=\"font-family: inherit; font-size: 35px; font-style: inherit;\" data-start=\"139\" data-end=\"237\">II Simposion EDAI sobre Autismo.<\/strong><\/h1>\n<h1 data-start=\"139\" data-end=\"427\"><strong style=\"font-family: inherit; font-size: 35px; font-style: inherit;\" data-start=\"139\" data-end=\"237\">23 Octubre 2026. Caixaforum, Madrid.<\/strong><\/h1>\n<p>Programa disponible pr\u00f3ximamente.<\/p>\n<p data-start=\"177\" data-end=\"475\">Tras el \u00e9xito del 1er EDAI Symposium: \u201cAvances en Autismo desde una perspectiva multidisciplinar\u201d, celebrado en CaixaForum Madrid en noviembre de 2023, nos complace anunciar la 2\u00aa edici\u00f3n del EDAI Symposium sobre Autismo, que tendr\u00e1 lugar el 23 de octubre de 2026 en CaixaForum Madrid.<\/p>\n<p data-start=\"477\" data-end=\"901\">Esta nueva edici\u00f3n volver\u00e1 a reunir a expertos nacionales e internacionales para explorar los \u00faltimos avances en autismo desde una perspectiva multidisciplinar y basada en la evidencia, promoviendo la colaboraci\u00f3n entre los \u00e1mbitos cl\u00ednico, educativo y de investigaci\u00f3n. El Simposio tiene como objetivo seguir fortaleciendo el conocimiento, compartir buenas pr\u00e1cticas y mejorar el apoyo a las personas dentro del espectro del autismo y a sus familias.<\/p>\n<p align=\"left\"><i><strong data-start=\"184\" data-end=\"198\">IMPORTANTE:<\/strong> La EDAI School of Neurodevelopment and Mental Health se reserva el derecho de modificar la programaci\u00f3n de cursos y congresos, incluyendo el cambio de ponentes, por causas externas a la organizaci\u00f3n. Dichos cambios no dar\u00e1n derecho a reclamaciones o reembolsos, y la organizaci\u00f3n garantizar\u00e1 que se mantenga la calidad de la formaci\u00f3n. <\/i><\/p>\n","protected":false},"excerpt":{"rendered":"<p>Acomp\u00e1\u00f1anos para conocer los \u00faltimos avances desde una perspectiva multidisciplinar.<\/p>\n<p>\u00a1Reserva la fecha!<\/p>\n<p><img decoding=\"async\" class=\"emoji\" role=\"img\" draggable=\"false\" src=\"https:\/\/s.w.org\/images\/core\/emoji\/17.0.2\/svg\/1f4c5.svg\" alt=\"\ud83d\udcc5\"> <strong data-start=\"116\" data-end=\"138\">23 Octubre 2026<\/strong><br data-start=\"138\" data-end=\"141\"><img decoding=\"async\" class=\"emoji\" role=\"img\" draggable=\"false\" src=\"https:\/\/s.w.org\/images\/core\/emoji\/17.0.2\/svg\/23f0.svg\" alt=\"\u23f0\"> <b>9:30 \u2013 17:00 h<\/b><br data-start=\"165\" data-end=\"168\"><img decoding=\"async\" class=\"emoji\" role=\"img\" draggable=\"false\" src=\"https:\/\/s.w.org\/images\/core\/emoji\/17.0.2\/svg\/1f4cd.svg\" alt=\"\ud83d\udccd\"> <strong data-start=\"171\" data-end=\"210\">CaixaForum. Madrid<\/strong><\/p>\n<p>Precio regular: 49\u20ac<\/p>\n<p>Reducido: 45\u20ac<\/p>\n","protected":false},"featured_media":6995,"template":"","meta":{"_acf_changed":false,"CBBTypography":[]},"product_brand":[],"product_cat":[44,37],"product_tag":[],"class_list":{"0":"post-6977","1":"product","2":"type-product","3":"status-publish","4":"has-post-thumbnail","6":"product_cat-neurodesarrollo","7":"product_cat-uncategorized-es","9":"first","10":"instock","11":"shipping-taxable","12":"purchasable","13":"product-type-variable"},"acf":[],"_links":{"self":[{"href":"https:\/\/edai.eu\/es\/wp-json\/wp\/v2\/product\/6977","targetHints":{"allow":["GET"]}}],"collection":[{"href":"https:\/\/edai.eu\/es\/wp-json\/wp\/v2\/product"}],"about":[{"href":"https:\/\/edai.eu\/es\/wp-json\/wp\/v2\/types\/product"}],"wp:featuredmedia":[{"embeddable":true,"href":"https:\/\/edai.eu\/es\/wp-json\/wp\/v2\/media\/6995"}],"wp:attachment":[{"href":"https:\/\/edai.eu\/es\/wp-json\/wp\/v2\/media?parent=6977"}],"wp:term":[{"taxonomy":"product_brand","embeddable":true,"href":"https:\/\/edai.eu\/es\/wp-json\/wp\/v2\/product_brand?post=6977"},{"taxonomy":"product_cat","embeddable":true,"href":"https:\/\/edai.eu\/es\/wp-json\/wp\/v2\/product_cat?post=6977"},{"taxonomy":"product_tag","embeddable":true,"href":"https:\/\/edai.eu\/es\/wp-json\/wp\/v2\/product_tag?post=6977"}],"curies":[{"name":"wp","href":"https:\/\/api.w.org\/{rel}","templated":true}]}}